{"id":965,"date":"2019-09-24T14:16:51","date_gmt":"2019-09-24T12:16:51","guid":{"rendered":"https:\/\/www.casaproductosdeapoyo.com\/?page_id=965"},"modified":"2020-10-21T16:23:13","modified_gmt":"2020-10-21T14:23:13","slug":"aviso-legal","status":"publish","type":"page","link":"https:\/\/www.casaproductosdeapoyo.com\/ca\/aviso-legal\/","title":{"rendered":"Av\u00eds legal"},"content":{"rendered":"<div class=\"align-wrap\" data-block=\"uagb-section\" data-block-class=\"page-aviso-legal\">\n<section class=\"wp-block-uagb-section uagb-section__wrap uagb-section__background-undefined alignwide uagb-block-6d394e6b-edd7-42bf-80f2-0ed18c2eec3a page-aviso-legal\" id=\"uagb-section-8d578d87-f7a9-40df-9274-164171c59c03\"><div class=\"uagb-section__overlay\"><\/div><div class=\"uagb-section__inner-wrap\">\n<p><strong>1. Identificaci\u00f3n y contacto del propietario de la web<\/strong><\/p>\n\n<p>\u00abwww.casaproductosdeapoyo.com\u00bb (en adelante la web), es propiedad de <strong>FUNDACI\u00d3 EMBAT D\u2019ESCLEROSI MULTIPLE<\/strong> (en adelante el Titular) con domicilio en  C\/ Melicotoner, 4, 07008 Palma de Mallorca, Illes Balears, con CIF G57312563, tel\u00e9fono (+34) 971 229 388 y correo electr\u00f3nico <a href=\"mailto:embat@fundacioembat.org\">embat@fundacioembat.org<\/a>.<\/p>\n\n<p><strong>2. \u00c1mbito de aplicaci\u00f3n<\/strong><\/p>\n\n<p>La navegaci\u00f3n por el sitio web del Titular implica asumir la condici\u00f3n de usuario y la aceptaci\u00f3n absoluta de lo manifestado en este Aviso Legal.<\/p>\n\n<p><strong>3. Edad<\/strong><\/p>\n\n<p>En nuestra web no tratamos datos de menores de catorce a\u00f1os.<\/p>\n\n<p><strong>4. Propiedad intelectual o industrial<\/strong><\/p>\n\n<p>Los contenidos de la Web, por ejemplo textos, im\u00e1genes, gr\u00e1ficos o c\u00f3digo fuente, est\u00e1n protegidos por derechos de propiedad intelectual e industrial.<\/p>\n\n<p>Tales contenidos no podr\u00e1n ser, por ejemplo, reproducidos o transformados sin el permiso previo y expl\u00edcito del Titular. Los usuarios pueden acceder a los contenidos y realizar copias privadas autorizadas siempre que los elementos reproducidos no sean cedidos posteriormente a terceros, ni se instalen en servidores en red, ni sean objeto de ning\u00fan tipo de explotaci\u00f3n.<\/p>\n\n<p><strong>5. Normas comunes de uso de la web<\/strong><\/p>\n\n<p>El usuario se compromete a hacer un uso de la Web de acuerdo a las siguientes normas:<\/p>\n\n<ul>\n    <li>No publicar\u00e1 comunicaciones comerciales a trav\u00e9s del sitio web.<\/li>\n    <li>No recopilar\u00e1 contenido o informaci\u00f3n de otros usuarios.<\/li>\n    <li>No cargar\u00e1 virus ni c\u00f3digo malintencionado de ning\u00fan tipo.<\/li>\n    <li>No solicitar\u00e1 informaci\u00f3n de inicio de sesi\u00f3n ni acceder\u00e1 a una cuenta perteneciente a otro usuario.<\/li>\n    <li>No realizar\u00e1 actos il\u00edcitos, enga\u00f1osos, malintencionados o discriminatorios en el sitio web, de acuerdo a estas condiciones y al ordenamiento jur\u00eddico espa\u00f1ol.<\/li>\n    <li>En general, no realizar\u00e1 actos que supongan da\u00f1os o lesiones de los derechos de terceros.<\/li>\n<\/ul>\n\n<p>El Titular podr\u00e1 eliminar cualquier contenido o suspender el servicio si, seg\u00fan su propio criterio, incumple cualquiera de las normas y obligaciones descritas en este Aviso Legal.<\/p>\n\n<p>Para cualquier consulta o aclaraci\u00f3n sobre estas normas puede contactarnos v\u00eda email.<\/p>\n\n<p><strong>6. Enlaces y limitaci\u00f3n de responsabilidad<\/strong><\/p>\n\n<p>El establecimiento de un hiperenlace no implica en ning\u00fan caso la existencia de relaciones entre el Titular y el propietario del sitio web en la que se establezca, ni la aceptaci\u00f3n y aprobaci\u00f3n por parte del Titular de sus contenidos o servicios. Aquellas personas que se propongan establecer un hiperenlace, previamente deber\u00e1n solicitar autorizaci\u00f3n por escrito al Titular. En todo caso, el hiperenlace \u00fanicamente permitir\u00e1 el acceso a la p\u00e1gina de inicio de nuestro sitio web. Asimismo, deber\u00e1 abstenerse de realizar manifestaciones o indicaciones falsas, inexactas o incorrectas sobre el Titular, o incluir contenidos il\u00edcitos, contrarios a las buenas costumbres y al orden p\u00fablico.<\/p>\n\n<p>El Titular no se responsabiliza del uso que cada usuario le d\u00e9 a los materiales puestos a disposici\u00f3n en este sitio web ni de las actuaciones que realice en base a los mismos. El contenido de la Web es de car\u00e1cter general y meramente informativo.<\/p>\n\n<p>El Titular no asumir\u00e1 responsabilidad por el contenido o funcionamiento de webs de terceros a los que el usuario del sitio Web pueda acceder mediante cualquier tipo de enlace.<\/p>\n\n<p>El Titular declina cualquier responsabilidad, hasta donde permita el ordenamiento jur\u00eddico, por los da\u00f1os y perjuicios derivados de la presencia de virus, de las actuaciones de terceros que vulneren derechos de propiedad, al honor, a la intimidad o sobre publicidad il\u00edcita.<\/p>\n\n<p>Si alg\u00fan usuario o tercero considera que en la Web se est\u00e1 cometiendo alg\u00fan il\u00edcito de cualquier tipo, debe remitir una comunicaci\u00f3n al Titular a la direcci\u00f3n de email que aparece en nuestros datos identificativos. Deber\u00e1 identificarse debidamente, especificando los hechos que denuncia.<\/p>\n\n<p><strong>7. Privacidad<\/strong><\/p>\n\n<p>Si en la Web se recabaran datos personales, el Titular ser\u00e1 responsable de los mismos y los tratar\u00e1 con absoluta confidencialidad y seguridad. Podr\u00e1 encontrar m\u00e1s informaci\u00f3n en nuestra pol\u00edtica de privacidad y cookies.<\/p> \n\n<p><strong>8. Modificaciones<\/strong><\/p>\n\n<p>El Titular se reserva el derecho a realizar las modificaciones que considere oportunas, sin aviso previo, en el contenido de su sitio web. Tanto en lo referente a los contenidos del sitio web, como en las condiciones de uso del mismo, o en las condiciones generales de contrataci\u00f3n. Dichas modificaciones podr\u00e1n realizarse a trav\u00e9s de su sitio web por cualquier forma admisible en derecho y ser\u00e1n de obligado cumplimiento durante el tiempo en que se encuentren publicadas en el web y hasta que no sean modificadas v\u00e1lidamente por otras posteriores.<\/p> \n\n<p><strong>9. Legislaci\u00f3n aplicable, soluci\u00f3n de cuestiones controvertidas y foro competente<\/strong><\/p>\n\n<p>El uso de la Web se regir\u00e1 por la legislaci\u00f3n espa\u00f1ola. Cualquier controversia que surja o guarde relaci\u00f3n con el uso de la Web, ser\u00e1 sometido a la jurisdicci\u00f3n no exclusiva de los Juzgados y Tribunales del municipio donde radica el domicilio social del Titular.<\/p>\n<\/div><\/section>\n<\/div>","protected":false},"excerpt":{"rendered":"<div class=\"link-more\"><a href=\"https:\/\/www.casaproductosdeapoyo.com\/ca\/aviso-legal\/\" class=\"more-link\">Seguir leyendo<span class=\"screen-reader-text\"> &ldquo;Aviso legal&rdquo;<\/span>&hellip;<\/a><\/div>","protected":false},"author":1,"featured_media":0,"parent":0,"menu_order":0,"comment_status":"closed","ping_status":"closed","template":"","meta":{"_uag_custom_page_level_css":"","footnotes":""},"class_list":["post-965","page","type-page","status-publish","hentry","entry"],"yoast_head":"<!-- This site is optimized with the Yoast SEO plugin v27.6 - https:\/\/yoast.com\/product\/yoast-seo-wordpress\/ -->\n<title>Aviso legal | CASA Productos de apoyo<\/title>\n<meta name=\"robots\" content=\"index, follow, max-snippet:-1, max-image-preview:large, max-video-preview:-1\" \/>\n<link rel=\"canonical\" href=\"https:\/\/www.casaproductosdeapoyo.com\/ca\/aviso-legal\/\" \/>\n<meta property=\"og:locale\" content=\"ca_ES\" \/>\n<meta property=\"og:type\" content=\"article\" \/>\n<meta property=\"og:title\" content=\"Aviso legal | CASA Productos de apoyo\" \/>\n<meta property=\"og:description\" content=\"Seguir leyendo &ldquo;Aviso legal&rdquo;&hellip;\" \/>\n<meta property=\"og:url\" content=\"https:\/\/www.casaproductosdeapoyo.com\/ca\/aviso-legal\/\" \/>\n<meta property=\"og:site_name\" content=\"CASA Productos de apoyo\" \/>\n<meta property=\"article:modified_time\" content=\"2020-10-21T14:23:13+00:00\" \/>\n<meta property=\"og:image\" content=\"https:\/\/www.casaproductosdeapoyo.com\/wp-content\/uploads\/2025\/11\/Logo-CASA-copia.png\" \/>\n\t<meta property=\"og:image:width\" content=\"1920\" \/>\n\t<meta property=\"og:image:height\" content=\"1080\" \/>\n\t<meta property=\"og:image:type\" content=\"image\/png\" \/>\n<meta name=\"twitter:card\" content=\"summary_large_image\" \/>\n<meta name=\"twitter:label1\" content=\"Temps estimat de lectura\" \/>\n\t<meta name=\"twitter:data1\" content=\"4 minuts\" \/>\n<script type=\"application\/ld+json\" class=\"yoast-schema-graph\">{\"@context\":\"https:\\\/\\\/schema.org\",\"@graph\":[{\"@type\":\"WebPage\",\"@id\":\"https:\\\/\\\/www.casaproductosdeapoyo.com\\\/aviso-legal\\\/\",\"url\":\"https:\\\/\\\/www.casaproductosdeapoyo.com\\\/aviso-legal\\\/\",\"name\":\"Aviso legal | CASA Productos de apoyo\",\"isPartOf\":{\"@id\":\"https:\\\/\\\/www.casaproductosdeapoyo.com\\\/#website\"},\"datePublished\":\"2019-09-24T12:16:51+00:00\",\"dateModified\":\"2020-10-21T14:23:13+00:00\",\"breadcrumb\":{\"@id\":\"https:\\\/\\\/www.casaproductosdeapoyo.com\\\/aviso-legal\\\/#breadcrumb\"},\"inLanguage\":\"ca\",\"potentialAction\":[{\"@type\":\"ReadAction\",\"target\":[\"https:\\\/\\\/www.casaproductosdeapoyo.com\\\/aviso-legal\\\/\"]}]},{\"@type\":\"BreadcrumbList\",\"@id\":\"https:\\\/\\\/www.casaproductosdeapoyo.com\\\/aviso-legal\\\/#breadcrumb\",\"itemListElement\":[{\"@type\":\"ListItem\",\"position\":1,\"name\":\"Portada\",\"item\":\"https:\\\/\\\/www.casaproductosdeapoyo.com\\\/\"},{\"@type\":\"ListItem\",\"position\":2,\"name\":\"Aviso legal\"}]},{\"@type\":\"WebSite\",\"@id\":\"https:\\\/\\\/www.casaproductosdeapoyo.com\\\/#website\",\"url\":\"https:\\\/\\\/www.casaproductosdeapoyo.com\\\/\",\"name\":\"CASA Productos de apoyo\",\"description\":\"Especialistas en accesibilidad, \u00f3rtesis y productos de apoyo\",\"publisher\":{\"@id\":\"https:\\\/\\\/www.casaproductosdeapoyo.com\\\/#organization\"},\"potentialAction\":[{\"@type\":\"SearchAction\",\"target\":{\"@type\":\"EntryPoint\",\"urlTemplate\":\"https:\\\/\\\/www.casaproductosdeapoyo.com\\\/?s={search_term_string}\"},\"query-input\":{\"@type\":\"PropertyValueSpecification\",\"valueRequired\":true,\"valueName\":\"search_term_string\"}}],\"inLanguage\":\"ca\"},{\"@type\":\"Organization\",\"@id\":\"https:\\\/\\\/www.casaproductosdeapoyo.com\\\/#organization\",\"name\":\"CASA Productos de apoyo\",\"url\":\"https:\\\/\\\/www.casaproductosdeapoyo.com\\\/\",\"logo\":{\"@type\":\"ImageObject\",\"inLanguage\":\"ca\",\"@id\":\"https:\\\/\\\/www.casaproductosdeapoyo.com\\\/#\\\/schema\\\/logo\\\/image\\\/\",\"url\":\"https:\\\/\\\/www.casaproductosdeapoyo.com\\\/wp-content\\\/uploads\\\/2025\\\/11\\\/Logo-CASA-copia.png\",\"contentUrl\":\"https:\\\/\\\/www.casaproductosdeapoyo.com\\\/wp-content\\\/uploads\\\/2025\\\/11\\\/Logo-CASA-copia.png\",\"width\":1920,\"height\":1080,\"caption\":\"CASA Productos de apoyo\"},\"image\":{\"@id\":\"https:\\\/\\\/www.casaproductosdeapoyo.com\\\/#\\\/schema\\\/logo\\\/image\\\/\"}}]}<\/script>\n<!-- \/ Yoast SEO plugin. -->","yoast_head_json":{"title":"Aviso legal | CASA Productos de apoyo","robots":{"index":"index","follow":"follow","max-snippet":"max-snippet:-1","max-image-preview":"max-image-preview:large","max-video-preview":"max-video-preview:-1"},"canonical":"https:\/\/www.casaproductosdeapoyo.com\/ca\/aviso-legal\/","og_locale":"ca_ES","og_type":"article","og_title":"Aviso legal | CASA Productos de apoyo","og_description":"Seguir leyendo &ldquo;Aviso legal&rdquo;&hellip;","og_url":"https:\/\/www.casaproductosdeapoyo.com\/ca\/aviso-legal\/","og_site_name":"CASA Productos de apoyo","article_modified_time":"2020-10-21T14:23:13+00:00","og_image":[{"width":1920,"height":1080,"url":"https:\/\/www.casaproductosdeapoyo.com\/wp-content\/uploads\/2025\/11\/Logo-CASA-copia.png","type":"image\/png"}],"twitter_card":"summary_large_image","twitter_misc":{"Temps estimat de lectura":"4 minuts"},"schema":{"@context":"https:\/\/schema.org","@graph":[{"@type":"WebPage","@id":"https:\/\/www.casaproductosdeapoyo.com\/aviso-legal\/","url":"https:\/\/www.casaproductosdeapoyo.com\/aviso-legal\/","name":"Aviso legal | CASA Productos de apoyo","isPartOf":{"@id":"https:\/\/www.casaproductosdeapoyo.com\/#website"},"datePublished":"2019-09-24T12:16:51+00:00","dateModified":"2020-10-21T14:23:13+00:00","breadcrumb":{"@id":"https:\/\/www.casaproductosdeapoyo.com\/aviso-legal\/#breadcrumb"},"inLanguage":"ca","potentialAction":[{"@type":"ReadAction","target":["https:\/\/www.casaproductosdeapoyo.com\/aviso-legal\/"]}]},{"@type":"BreadcrumbList","@id":"https:\/\/www.casaproductosdeapoyo.com\/aviso-legal\/#breadcrumb","itemListElement":[{"@type":"ListItem","position":1,"name":"Portada","item":"https:\/\/www.casaproductosdeapoyo.com\/"},{"@type":"ListItem","position":2,"name":"Aviso legal"}]},{"@type":"WebSite","@id":"https:\/\/www.casaproductosdeapoyo.com\/#website","url":"https:\/\/www.casaproductosdeapoyo.com\/","name":"CASA Productos de apoyo","description":"Especialistas en accesibilidad, \u00f3rtesis y productos de apoyo","publisher":{"@id":"https:\/\/www.casaproductosdeapoyo.com\/#organization"},"potentialAction":[{"@type":"SearchAction","target":{"@type":"EntryPoint","urlTemplate":"https:\/\/www.casaproductosdeapoyo.com\/?s={search_term_string}"},"query-input":{"@type":"PropertyValueSpecification","valueRequired":true,"valueName":"search_term_string"}}],"inLanguage":"ca"},{"@type":"Organization","@id":"https:\/\/www.casaproductosdeapoyo.com\/#organization","name":"CASA Productos de apoyo","url":"https:\/\/www.casaproductosdeapoyo.com\/","logo":{"@type":"ImageObject","inLanguage":"ca","@id":"https:\/\/www.casaproductosdeapoyo.com\/#\/schema\/logo\/image\/","url":"https:\/\/www.casaproductosdeapoyo.com\/wp-content\/uploads\/2025\/11\/Logo-CASA-copia.png","contentUrl":"https:\/\/www.casaproductosdeapoyo.com\/wp-content\/uploads\/2025\/11\/Logo-CASA-copia.png","width":1920,"height":1080,"caption":"CASA Productos de apoyo"},"image":{"@id":"https:\/\/www.casaproductosdeapoyo.com\/#\/schema\/logo\/image\/"}}]}},"uagb_featured_image_src":{"full":false,"thumbnail":false,"medium":false,"medium_large":false,"large":false,"1536x1536":false,"2048x2048":false,"trp-custom-language-flag":false,"reykjavik-intro":false},"uagb_author_info":{"display_name":"admin","author_link":"https:\/\/www.casaproductosdeapoyo.com\/ca\/author\/admin\/"},"uagb_comment_info":0,"uagb_excerpt":"Seguir leyendo &ldquo;Aviso legal&rdquo;&hellip;","_links":{"self":[{"href":"https:\/\/www.casaproductosdeapoyo.com\/ca\/wp-json\/wp\/v2\/pages\/965","targetHints":{"allow":["GET"]}}],"collection":[{"href":"https:\/\/www.casaproductosdeapoyo.com\/ca\/wp-json\/wp\/v2\/pages"}],"about":[{"href":"https:\/\/www.casaproductosdeapoyo.com\/ca\/wp-json\/wp\/v2\/types\/page"}],"author":[{"embeddable":true,"href":"https:\/\/www.casaproductosdeapoyo.com\/ca\/wp-json\/wp\/v2\/users\/1"}],"replies":[{"embeddable":true,"href":"https:\/\/www.casaproductosdeapoyo.com\/ca\/wp-json\/wp\/v2\/comments?post=965"}],"version-history":[{"count":4,"href":"https:\/\/www.casaproductosdeapoyo.com\/ca\/wp-json\/wp\/v2\/pages\/965\/revisions"}],"predecessor-version":[{"id":1306,"href":"https:\/\/www.casaproductosdeapoyo.com\/ca\/wp-json\/wp\/v2\/pages\/965\/revisions\/1306"}],"wp:attachment":[{"href":"https:\/\/www.casaproductosdeapoyo.com\/ca\/wp-json\/wp\/v2\/media?parent=965"}],"curies":[{"name":"wp","href":"https:\/\/api.w.org\/{rel}","templated":true}]}}