{"id":765,"date":"2019-08-09T11:13:06","date_gmt":"2019-08-09T09:13:06","guid":{"rendered":"https:\/\/www.casaproductosdeapoyo.com\/?page_id=765"},"modified":"2024-05-30T12:56:26","modified_gmt":"2024-05-30T10:56:26","slug":"presoterapia","status":"publish","type":"page","link":"https:\/\/www.casaproductosdeapoyo.com\/ca\/productos\/presoterapia\/","title":{"rendered":"Pressoter\u00e0pia"},"content":{"rendered":"<div class=\"align-wrap\" data-block=\"uagb-section\" data-block-class=\"page-productos-presoterapia\">\n<section class=\"wp-block-uagb-section uagb-section__wrap uagb-section__background-undefined alignwide uagb-block-75054dec-113a-46ba-a0b1-f60fb7153b7a page-productos-presoterapia\" id=\"uagb-section-e4a838a0-e046-4aa2-8ec8-2381ce9ee48d\"><div class=\"uagb-section__overlay\"><\/div><div class=\"uagb-section__inner-wrap\">\n<p style=\"color:#000000\" class=\"has-text-color\">Peces de compressi\u00f3 configurades oa mida per a pacients amb limfedema, problemes vasculars, cicatrius hipertr\u00f2fiques, cremades, peces postquir\u00fargiques, etc.<\/p>\n\n\n\n<div id=\"productos-presoterapia\" class=\"productos-div\">\n    <div class=\"col-md-3 col-sm-6 text-center item-producto\">\n        <a href=\"\/wp-content\/themes\/reykjavik\/images\/productos\/presoterapia\/prendas-compresion.jpg\"><img decoding=\"async\" src=\"\/wp-content\/themes\/reykjavik\/images\/productos\/presoterapia\/prendas-compresion.jpg\" alt=\"Prendas de compresi\u00f3n\"><\/a>\n        <p class=\"name-producto\"><strong>Peces de compressi\u00f3<\/strong><\/p>\n        <div class=\"line-name-producto\"><\/div>\n    <\/div>\n    <div class=\"col-md-3 col-sm-6 text-center item-producto\">\n        <a href=\"\/wp-content\/themes\/reykjavik\/images\/productos\/presoterapia\/vendajes.jpg\"><img decoding=\"async\" src=\"\/wp-content\/themes\/reykjavik\/images\/productos\/presoterapia\/vendajes.jpg\" alt=\"Vendajes\"><\/a>\n        <p class=\"name-producto\"><strong>Embenats<\/strong><\/p>\n        <div class=\"line-name-producto\"><\/div>\n    <\/div>\n    <div class=\"col-md-3 col-sm-6 text-center item-producto\">\n        <a href=\"\/wp-content\/themes\/reykjavik\/images\/productos\/presoterapia\/cirugia-estetica.jpg\"><img decoding=\"async\" src=\"\/wp-content\/themes\/reykjavik\/images\/productos\/presoterapia\/cirugia-estetica.jpg\" alt=\"Cirug\u00eda est\u00e9tica\"><\/a>\n        <p class=\"name-producto\"><strong>Cirurgia est\u00e8tica<\/strong><\/p>\n        <div class=\"line-name-producto\"><\/div>\n    <\/div>\n    <div class=\"col-md-3 col-sm-6 text-center item-producto\">\n        <a href=\"\/wp-content\/themes\/reykjavik\/images\/productos\/presoterapia\/calcetines-tecnicos.jpg\"><img decoding=\"async\" src=\"\/wp-content\/themes\/reykjavik\/images\/productos\/presoterapia\/calcetines-tecnicos.jpg\" alt=\"Calcetines t\u00e9cnicos\"><\/a>\n        <p class=\"name-producto\"><strong>Calcetins t\u00e8cnics<\/strong><\/p>\n        <div class=\"line-name-producto\"><\/div>\n    <\/div>\n<\/div>\n<\/div><\/section>\n<\/div>","protected":false},"excerpt":{"rendered":"<div class=\"link-more\"><a href=\"https:\/\/www.casaproductosdeapoyo.com\/ca\/productos\/presoterapia\/\" class=\"more-link\">Seguir leyendo<span class=\"screen-reader-text\"> &ldquo;Presoterapia&rdquo;<\/span>&hellip;<\/a><\/div>","protected":false},"author":1,"featured_media":0,"parent":156,"menu_order":0,"comment_status":"closed","ping_status":"closed","template":"","meta":{"_uag_custom_page_level_css":"","footnotes":""},"class_list":["post-765","page","type-page","status-publish","hentry","entry"],"yoast_head":"<!-- This site is optimized with the Yoast SEO plugin v27.6 - https:\/\/yoast.com\/product\/yoast-seo-wordpress\/ -->\n<title>Presoterapia | CASA Productos de apoyo<\/title>\n<meta name=\"robots\" content=\"index, follow, max-snippet:-1, max-image-preview:large, max-video-preview:-1\" \/>\n<link rel=\"canonical\" href=\"https:\/\/www.casaproductosdeapoyo.com\/ca\/productos\/presoterapia\/\" \/>\n<meta property=\"og:locale\" content=\"ca_ES\" \/>\n<meta property=\"og:type\" content=\"article\" \/>\n<meta property=\"og:title\" content=\"Presoterapia | CASA Productos de apoyo\" \/>\n<meta property=\"og:description\" content=\"Seguir leyendo &ldquo;Presoterapia&rdquo;&hellip;\" \/>\n<meta property=\"og:url\" content=\"https:\/\/www.casaproductosdeapoyo.com\/ca\/productos\/presoterapia\/\" \/>\n<meta property=\"og:site_name\" content=\"CASA Productos de apoyo\" \/>\n<meta property=\"article:modified_time\" content=\"2024-05-30T10:56:26+00:00\" \/>\n<meta property=\"og:image\" content=\"https:\/\/www.casaproductosdeapoyo.com\/wp-content\/uploads\/2025\/11\/Logo-CASA-copia.png\" \/>\n\t<meta property=\"og:image:width\" content=\"1920\" \/>\n\t<meta property=\"og:image:height\" content=\"1080\" \/>\n\t<meta property=\"og:image:type\" content=\"image\/png\" \/>\n<meta name=\"twitter:card\" content=\"summary_large_image\" \/>\n<script type=\"application\/ld+json\" class=\"yoast-schema-graph\">{\"@context\":\"https:\\\/\\\/schema.org\",\"@graph\":[{\"@type\":\"WebPage\",\"@id\":\"https:\\\/\\\/www.casaproductosdeapoyo.com\\\/productos\\\/presoterapia\\\/\",\"url\":\"https:\\\/\\\/www.casaproductosdeapoyo.com\\\/productos\\\/presoterapia\\\/\",\"name\":\"Presoterapia | CASA Productos de apoyo\",\"isPartOf\":{\"@id\":\"https:\\\/\\\/www.casaproductosdeapoyo.com\\\/#website\"},\"datePublished\":\"2019-08-09T09:13:06+00:00\",\"dateModified\":\"2024-05-30T10:56:26+00:00\",\"breadcrumb\":{\"@id\":\"https:\\\/\\\/www.casaproductosdeapoyo.com\\\/productos\\\/presoterapia\\\/#breadcrumb\"},\"inLanguage\":\"ca\",\"potentialAction\":[{\"@type\":\"ReadAction\",\"target\":[\"https:\\\/\\\/www.casaproductosdeapoyo.com\\\/productos\\\/presoterapia\\\/\"]}]},{\"@type\":\"BreadcrumbList\",\"@id\":\"https:\\\/\\\/www.casaproductosdeapoyo.com\\\/productos\\\/presoterapia\\\/#breadcrumb\",\"itemListElement\":[{\"@type\":\"ListItem\",\"position\":1,\"name\":\"Portada\",\"item\":\"https:\\\/\\\/www.casaproductosdeapoyo.com\\\/\"},{\"@type\":\"ListItem\",\"position\":2,\"name\":\"Productos\",\"item\":\"https:\\\/\\\/www.casaproductosdeapoyo.com\\\/productos\\\/\"},{\"@type\":\"ListItem\",\"position\":3,\"name\":\"Presoterapia\"}]},{\"@type\":\"WebSite\",\"@id\":\"https:\\\/\\\/www.casaproductosdeapoyo.com\\\/#website\",\"url\":\"https:\\\/\\\/www.casaproductosdeapoyo.com\\\/\",\"name\":\"CASA Productos de apoyo\",\"description\":\"Especialistas en accesibilidad, \u00f3rtesis y productos de apoyo\",\"publisher\":{\"@id\":\"https:\\\/\\\/www.casaproductosdeapoyo.com\\\/#organization\"},\"potentialAction\":[{\"@type\":\"SearchAction\",\"target\":{\"@type\":\"EntryPoint\",\"urlTemplate\":\"https:\\\/\\\/www.casaproductosdeapoyo.com\\\/?s={search_term_string}\"},\"query-input\":{\"@type\":\"PropertyValueSpecification\",\"valueRequired\":true,\"valueName\":\"search_term_string\"}}],\"inLanguage\":\"ca\"},{\"@type\":\"Organization\",\"@id\":\"https:\\\/\\\/www.casaproductosdeapoyo.com\\\/#organization\",\"name\":\"CASA Productos de apoyo\",\"url\":\"https:\\\/\\\/www.casaproductosdeapoyo.com\\\/\",\"logo\":{\"@type\":\"ImageObject\",\"inLanguage\":\"ca\",\"@id\":\"https:\\\/\\\/www.casaproductosdeapoyo.com\\\/#\\\/schema\\\/logo\\\/image\\\/\",\"url\":\"https:\\\/\\\/www.casaproductosdeapoyo.com\\\/wp-content\\\/uploads\\\/2025\\\/11\\\/Logo-CASA-copia.png\",\"contentUrl\":\"https:\\\/\\\/www.casaproductosdeapoyo.com\\\/wp-content\\\/uploads\\\/2025\\\/11\\\/Logo-CASA-copia.png\",\"width\":1920,\"height\":1080,\"caption\":\"CASA Productos de apoyo\"},\"image\":{\"@id\":\"https:\\\/\\\/www.casaproductosdeapoyo.com\\\/#\\\/schema\\\/logo\\\/image\\\/\"}}]}<\/script>\n<!-- \/ Yoast SEO plugin. -->","yoast_head_json":{"title":"Presoterapia | CASA Productos de apoyo","robots":{"index":"index","follow":"follow","max-snippet":"max-snippet:-1","max-image-preview":"max-image-preview:large","max-video-preview":"max-video-preview:-1"},"canonical":"https:\/\/www.casaproductosdeapoyo.com\/ca\/productos\/presoterapia\/","og_locale":"ca_ES","og_type":"article","og_title":"Presoterapia | CASA Productos de apoyo","og_description":"Seguir leyendo &ldquo;Presoterapia&rdquo;&hellip;","og_url":"https:\/\/www.casaproductosdeapoyo.com\/ca\/productos\/presoterapia\/","og_site_name":"CASA Productos de apoyo","article_modified_time":"2024-05-30T10:56:26+00:00","og_image":[{"width":1920,"height":1080,"url":"https:\/\/www.casaproductosdeapoyo.com\/wp-content\/uploads\/2025\/11\/Logo-CASA-copia.png","type":"image\/png"}],"twitter_card":"summary_large_image","schema":{"@context":"https:\/\/schema.org","@graph":[{"@type":"WebPage","@id":"https:\/\/www.casaproductosdeapoyo.com\/productos\/presoterapia\/","url":"https:\/\/www.casaproductosdeapoyo.com\/productos\/presoterapia\/","name":"Presoterapia | CASA Productos de apoyo","isPartOf":{"@id":"https:\/\/www.casaproductosdeapoyo.com\/#website"},"datePublished":"2019-08-09T09:13:06+00:00","dateModified":"2024-05-30T10:56:26+00:00","breadcrumb":{"@id":"https:\/\/www.casaproductosdeapoyo.com\/productos\/presoterapia\/#breadcrumb"},"inLanguage":"ca","potentialAction":[{"@type":"ReadAction","target":["https:\/\/www.casaproductosdeapoyo.com\/productos\/presoterapia\/"]}]},{"@type":"BreadcrumbList","@id":"https:\/\/www.casaproductosdeapoyo.com\/productos\/presoterapia\/#breadcrumb","itemListElement":[{"@type":"ListItem","position":1,"name":"Portada","item":"https:\/\/www.casaproductosdeapoyo.com\/"},{"@type":"ListItem","position":2,"name":"Productos","item":"https:\/\/www.casaproductosdeapoyo.com\/productos\/"},{"@type":"ListItem","position":3,"name":"Presoterapia"}]},{"@type":"WebSite","@id":"https:\/\/www.casaproductosdeapoyo.com\/#website","url":"https:\/\/www.casaproductosdeapoyo.com\/","name":"CASA Productos de apoyo","description":"Especialistas en accesibilidad, \u00f3rtesis y productos de apoyo","publisher":{"@id":"https:\/\/www.casaproductosdeapoyo.com\/#organization"},"potentialAction":[{"@type":"SearchAction","target":{"@type":"EntryPoint","urlTemplate":"https:\/\/www.casaproductosdeapoyo.com\/?s={search_term_string}"},"query-input":{"@type":"PropertyValueSpecification","valueRequired":true,"valueName":"search_term_string"}}],"inLanguage":"ca"},{"@type":"Organization","@id":"https:\/\/www.casaproductosdeapoyo.com\/#organization","name":"CASA Productos de apoyo","url":"https:\/\/www.casaproductosdeapoyo.com\/","logo":{"@type":"ImageObject","inLanguage":"ca","@id":"https:\/\/www.casaproductosdeapoyo.com\/#\/schema\/logo\/image\/","url":"https:\/\/www.casaproductosdeapoyo.com\/wp-content\/uploads\/2025\/11\/Logo-CASA-copia.png","contentUrl":"https:\/\/www.casaproductosdeapoyo.com\/wp-content\/uploads\/2025\/11\/Logo-CASA-copia.png","width":1920,"height":1080,"caption":"CASA Productos de apoyo"},"image":{"@id":"https:\/\/www.casaproductosdeapoyo.com\/#\/schema\/logo\/image\/"}}]}},"uagb_featured_image_src":{"full":false,"thumbnail":false,"medium":false,"medium_large":false,"large":false,"1536x1536":false,"2048x2048":false,"trp-custom-language-flag":false,"reykjavik-intro":false},"uagb_author_info":{"display_name":"admin","author_link":"https:\/\/www.casaproductosdeapoyo.com\/ca\/author\/admin\/"},"uagb_comment_info":0,"uagb_excerpt":"Seguir leyendo &ldquo;Presoterapia&rdquo;&hellip;","_links":{"self":[{"href":"https:\/\/www.casaproductosdeapoyo.com\/ca\/wp-json\/wp\/v2\/pages\/765","targetHints":{"allow":["GET"]}}],"collection":[{"href":"https:\/\/www.casaproductosdeapoyo.com\/ca\/wp-json\/wp\/v2\/pages"}],"about":[{"href":"https:\/\/www.casaproductosdeapoyo.com\/ca\/wp-json\/wp\/v2\/types\/page"}],"author":[{"embeddable":true,"href":"https:\/\/www.casaproductosdeapoyo.com\/ca\/wp-json\/wp\/v2\/users\/1"}],"replies":[{"embeddable":true,"href":"https:\/\/www.casaproductosdeapoyo.com\/ca\/wp-json\/wp\/v2\/comments?post=765"}],"version-history":[{"count":7,"href":"https:\/\/www.casaproductosdeapoyo.com\/ca\/wp-json\/wp\/v2\/pages\/765\/revisions"}],"predecessor-version":[{"id":1338,"href":"https:\/\/www.casaproductosdeapoyo.com\/ca\/wp-json\/wp\/v2\/pages\/765\/revisions\/1338"}],"up":[{"embeddable":true,"href":"https:\/\/www.casaproductosdeapoyo.com\/ca\/wp-json\/wp\/v2\/pages\/156"}],"wp:attachment":[{"href":"https:\/\/www.casaproductosdeapoyo.com\/ca\/wp-json\/wp\/v2\/media?parent=765"}],"curies":[{"name":"wp","href":"https:\/\/api.w.org\/{rel}","templated":true}]}}