{"id":32,"date":"2019-07-17T09:40:37","date_gmt":"2019-07-17T07:40:37","guid":{"rendered":"https:\/\/www.casaproductosdeapoyo.com\/?page_id=32"},"modified":"2024-06-04T13:06:20","modified_gmt":"2024-06-04T11:06:20","slug":"inicio","status":"publish","type":"page","link":"https:\/\/www.casaproductosdeapoyo.com\/ca\/","title":{"rendered":"Inici"},"content":{"rendered":"<div class=\"align-wrap\" data-block=\"uagb-section\" data-block-class=\"\">\n<section class=\"wp-block-uagb-section uagb-section__wrap uagb-section__background-undefined alignwide uagb-block-1399491a-96e9-41f1-b9b7-da7fb56704bb\" id=\"uagb-section-0f7d589e-18ad-43f6-bcb7-6f0478996b88\"><div class=\"uagb-section__overlay\"><\/div><div class=\"uagb-section__inner-wrap\">\n<p style=\"color:#92810e;font-size:24px;text-align:left\" class=\"has-text-color\">Som especialistes en brindar productes de suport amb solucions innovadores per millorar el teu benestar i autonomia, contribuint a una millor qualitat de vida.<\/p>\n\n\n\n<p style=\"color:#92810e;font-size:24px;text-align:left\" class=\"has-text-color\">Oferim adaptacions personalitzades per a les teves necessitats \u00faniques amb productes de suport, accessibilitat i \u00f2rtesis, que t'ajudin a viure de manera m\u00e9s c\u00f2moda i independent. <\/p>\n<\/div><\/section>\n<\/div>\n\n<div class=\"align-wrap\" data-block=\"uagb-section\" data-block-class=\"\">\n<section class=\"wp-block-uagb-section uagb-section__wrap uagb-section__background-undefined alignfull uagb-block-16fa9125-6b48-481a-b465-bcb9fecb466d\" id=\"uagb-section-40dce355-611a-4327-abf3-11325e3dc4b1\"><div class=\"uagb-section__overlay\"><\/div><div class=\"uagb-section__inner-wrap\"><div class=\"align-wrap\" data-block=\"uagb-section\" data-block-class=\"\">\n<section class=\"wp-block-uagb-section uagb-section__wrap uagb-section__background-undefined alignwide uagb-block-457d126a-7dd6-4bbd-83df-808a0e566cbc\" id=\"uagb-section-daf69dfd-c222-48a2-aed1-e15eadf38fe9\"><div class=\"uagb-section__overlay\"><\/div><div class=\"uagb-section__inner-wrap\">\n<h2 class=\"float-left wp-block-heading\">Les nostres marques<\/h2>\n\n\n\n<div class=\"wp-block-uagb-buttons uagb-buttons__outer-wrap uagb-block-06f6acd1-c5ca-44cd-b6e1-1706be08fa34 float-right btn-ver-marcas\" id=\"uagb-buttons-28b91cd0-c144-4dc5-a434-12b931729c99\"><div class=\"uagb-buttons__wrap uagb-buttons-layout-wrap\">\n<div class=\"wp-block-uagb-buttons-child uagb-buttons__outer-wrap uagb-block-f33a3b03-06bc-445e-9c3f-84e3471f1802\"><div class=\"uagb-button__wrapper\"><div class=\"uagb-buttons-repeater\"><a class=\"uagb-button__link\" href=\"\/ca\/nuestras-marcas\/\" rel=\"noopener noreferrer\" target=\"_self\">Veure totes<\/a><\/div><\/div><\/div>\n<\/div><\/div>\n<\/div><\/section>\n<\/div>\n\n\r\n\t<div class=\"slideshow_container slideshow_container_style-light\" style=\"height: 200px; \" data-slideshow-id=\"722\" data-style-name=\"style-light\" data-style-version=\"2.3.1\" >\r\n\r\n\t\t\t\t\t<div class=\"slideshow_loading_icon\"><\/div>\r\n\t\t\r\n\t\t<div class=\"slideshow_content\" style=\"display: none;\">\r\n\r\n\t\t\t<div class=\"slideshow_view\">\r\n\t\t\t\t<div class=\"slideshow_slide slideshow_slide_image\">\r\n\t\t\t\t\t<a href=\"http:\/\/www.ugari.es\/\" target=\"_blank\" >\t\t\t\t\t\t<img src=\"https:\/\/www.casaproductosdeapoyo.com\/wp-content\/uploads\/2020\/04\/ugari-geriatrica.jpg\" alt=\"Logo Ugari Geri\u00e1trica\" width=\"300\" height=\"130\" \/>\r\n\t\t\t\t\t<\/a>\t\t\t\t\t<div class=\"slideshow_description_box slideshow_transparent\">\r\n\t\t\t\t\t\t<div class=\"slideshow_title\"><a href=\"http:\/\/www.ugari.es\/\" target=\"_blank\" >Ugari Geri\u00e1trica<\/a><\/div>\t\t\t\t\t\t\t\t\t\t\t<\/div>\r\n\t\t\t\t<\/div>\r\n\r\n\t\t\t\t\t\t\r\n\t\t\t\t<div class=\"slideshow_slide slideshow_slide_image\">\r\n\t\t\t\t\t<a href=\"https:\/\/batec-mobility.com\/es\/\" target=\"_blank\" >\t\t\t\t\t\t<img src=\"https:\/\/www.casaproductosdeapoyo.com\/wp-content\/uploads\/2020\/04\/batec-mobility.jpg\" alt=\"Logo Batec Mobility\" width=\"300\" height=\"130\" \/>\r\n\t\t\t\t\t<\/a>\t\t\t\t\t<div class=\"slideshow_description_box slideshow_transparent\">\r\n\t\t\t\t\t\t<div class=\"slideshow_title\"><a href=\"https:\/\/batec-mobility.com\/es\/\" target=\"_blank\" >Batec Mobility<\/a><\/div>\t\t\t\t\t\t\t\t\t\t\t<\/div>\r\n\t\t\t\t<\/div>\r\n\r\n\t\t\t\t\t\t\r\n\t\t\t\t<div class=\"slideshow_slide slideshow_slide_image\">\r\n\t\t\t\t\t<a href=\"https:\/\/rodem.es\/\" target=\"_blank\" >\t\t\t\t\t\t<img src=\"https:\/\/www.casaproductosdeapoyo.com\/wp-content\/uploads\/2020\/04\/rodem.jpg\" alt=\"Logo Rodem\" width=\"300\" height=\"130\" \/>\r\n\t\t\t\t\t<\/a>\t\t\t\t\t<div class=\"slideshow_description_box slideshow_transparent\">\r\n\t\t\t\t\t\t<div class=\"slideshow_title\"><a href=\"https:\/\/rodem.es\/\" target=\"_blank\" >Rodem<\/a><\/div>\t\t\t\t\t\t\t\t\t\t\t<\/div>\r\n\t\t\t\t<\/div>\r\n\r\n\t\t\t\t\t\t\r\n\t\t\t\t<div class=\"slideshow_slide slideshow_slide_image\">\r\n\t\t\t\t\t<a href=\"https:\/\/www.ecopostural.com\/es\/content\/32-inicio\" target=\"_blank\" >\t\t\t\t\t\t<img src=\"https:\/\/www.casaproductosdeapoyo.com\/wp-content\/uploads\/2020\/04\/eco-postural.jpg\" alt=\"Logo Eco Postural\" width=\"300\" height=\"130\" \/>\r\n\t\t\t\t\t<\/a>\t\t\t\t\t<div class=\"slideshow_description_box slideshow_transparent\">\r\n\t\t\t\t\t\t<div class=\"slideshow_title\"><a href=\"https:\/\/www.ecopostural.com\/es\/content\/32-inicio\" target=\"_blank\" >Eco Postural<\/a><\/div>\t\t\t\t\t\t\t\t\t\t\t<\/div>\r\n\t\t\t\t<\/div>\r\n\r\n\t\t\t\t\t\t\r\n\t\t\t\t<div class=\"slideshow_slide slideshow_slide_image\">\r\n\t\t\t\t\t<a href=\"https:\/\/www.orliman.com\/\" target=\"_blank\" >\t\t\t\t\t\t<img src=\"https:\/\/www.casaproductosdeapoyo.com\/wp-content\/uploads\/2020\/04\/orliman.jpg\" alt=\"Logo Orliman\" width=\"300\" height=\"130\" \/>\r\n\t\t\t\t\t<\/a>\t\t\t\t\t<div class=\"slideshow_description_box slideshow_transparent\">\r\n\t\t\t\t\t\t<div class=\"slideshow_title\"><a href=\"https:\/\/www.orliman.com\/\" target=\"_blank\" >Orliman<\/a><\/div>\t\t\t\t\t\t\t\t\t\t\t<\/div>\r\n\t\t\t\t<\/div>\r\n\r\n\t\t\t\t\t\t<div style=\"clear: both;\"><\/div><\/div><div class=\"slideshow_view\">\r\n\t\t\t\t<div class=\"slideshow_slide slideshow_slide_image\">\r\n\t\t\t\t\t<a href=\"http:\/\/cqf.es\/es\/\" target=\"_blank\" >\t\t\t\t\t\t<img src=\"https:\/\/www.casaproductosdeapoyo.com\/wp-content\/uploads\/2020\/04\/cqf.jpg\" alt=\"Logo CQF\" width=\"300\" height=\"130\" \/>\r\n\t\t\t\t\t<\/a>\t\t\t\t\t<div class=\"slideshow_description_box slideshow_transparent\">\r\n\t\t\t\t\t\t<div class=\"slideshow_title\"><a href=\"http:\/\/cqf.es\/es\/\" target=\"_blank\" >CQF<\/a><\/div>\t\t\t\t\t\t\t\t\t\t\t<\/div>\r\n\t\t\t\t<\/div>\r\n\r\n\t\t\t\t\t\t\r\n\t\t\t\t<div class=\"slideshow_slide slideshow_slide_image\">\r\n\t\t\t\t\t<a href=\"https:\/\/www.karmamobility.es\/\" target=\"_blank\" >\t\t\t\t\t\t<img src=\"https:\/\/www.casaproductosdeapoyo.com\/wp-content\/uploads\/2020\/04\/karma.jpg\" alt=\"Logo Karma\" width=\"300\" height=\"130\" \/>\r\n\t\t\t\t\t<\/a>\t\t\t\t\t<div class=\"slideshow_description_box slideshow_transparent\">\r\n\t\t\t\t\t\t<div class=\"slideshow_title\"><a href=\"https:\/\/www.karmamobility.es\/\" target=\"_blank\" >Karma<\/a><\/div>\t\t\t\t\t\t\t\t\t\t\t<\/div>\r\n\t\t\t\t<\/div>\r\n\r\n\t\t\t\t\t\t\r\n\t\t\t\t<div class=\"slideshow_slide slideshow_slide_image\">\r\n\t\t\t\t\t<a href=\"https:\/\/kmina.es\/es\/\" target=\"_blank\" >\t\t\t\t\t\t<img src=\"https:\/\/www.casaproductosdeapoyo.com\/wp-content\/uploads\/2020\/04\/kmina.jpg\" alt=\"Logo KMINA\" width=\"300\" height=\"130\" \/>\r\n\t\t\t\t\t<\/a>\t\t\t\t\t<div class=\"slideshow_description_box slideshow_transparent\">\r\n\t\t\t\t\t\t<div class=\"slideshow_title\"><a href=\"https:\/\/kmina.es\/es\/\" target=\"_blank\" >KMINA<\/a><\/div>\t\t\t\t\t\t\t\t\t\t\t<\/div>\r\n\t\t\t\t<\/div>\r\n\r\n\t\t\t\t\t\t\r\n\t\t\t\t<div class=\"slideshow_slide slideshow_slide_image\">\r\n\t\t\t\t\t<a href=\"http:\/\/www.calzamedi.com\/\" target=\"_blank\" >\t\t\t\t\t\t<img src=\"https:\/\/www.casaproductosdeapoyo.com\/wp-content\/uploads\/2020\/04\/calzamedi.jpg\" alt=\"Logo Calza Medi\" width=\"300\" height=\"130\" \/>\r\n\t\t\t\t\t<\/a>\t\t\t\t\t<div class=\"slideshow_description_box slideshow_transparent\">\r\n\t\t\t\t\t\t<div class=\"slideshow_title\"><a href=\"http:\/\/www.calzamedi.com\/\" target=\"_blank\" >Calza Medi<\/a><\/div>\t\t\t\t\t\t\t\t\t\t\t<\/div>\r\n\t\t\t\t<\/div>\r\n\r\n\t\t\t\t\t\t\r\n\t\t\t\t<div class=\"slideshow_slide slideshow_slide_image\">\r\n\t\t\t\t\t<a href=\"https:\/\/www.apexmedicalcorp.com\/sp\/index.html\" target=\"_blank\" >\t\t\t\t\t\t<img src=\"https:\/\/www.casaproductosdeapoyo.com\/wp-content\/uploads\/2020\/04\/apex.jpg\" alt=\"Logo APEX\" width=\"300\" height=\"130\" \/>\r\n\t\t\t\t\t<\/a>\t\t\t\t\t<div class=\"slideshow_description_box slideshow_transparent\">\r\n\t\t\t\t\t\t<div class=\"slideshow_title\"><a href=\"https:\/\/www.apexmedicalcorp.com\/sp\/index.html\" target=\"_blank\" >APEX<\/a><\/div>\t\t\t\t\t\t\t\t\t\t\t<\/div>\r\n\t\t\t\t<\/div>\r\n\r\n\t\t\t\t\t\t<div style=\"clear: both;\"><\/div><\/div><div class=\"slideshow_view\">\r\n\t\t\t\t<div class=\"slideshow_slide slideshow_slide_image\">\r\n\t\t\t\t\t<a href=\"https:\/\/www.djoglobal.eu\/es_ES\/index.html\" target=\"_blank\" >\t\t\t\t\t\t<img src=\"https:\/\/www.casaproductosdeapoyo.com\/wp-content\/uploads\/2020\/04\/djo-global.jpg\" alt=\"Logo DJO\" width=\"300\" height=\"130\" \/>\r\n\t\t\t\t\t<\/a>\t\t\t\t\t<div class=\"slideshow_description_box slideshow_transparent\">\r\n\t\t\t\t\t\t<div class=\"slideshow_title\"><a href=\"https:\/\/www.djoglobal.eu\/es_ES\/index.html\" target=\"_blank\" >DJO Global<\/a><\/div>\t\t\t\t\t\t\t\t\t\t\t<\/div>\r\n\t\t\t\t<\/div>\r\n\r\n\t\t\t\t\t\t\r\n\t\t\t\t<div class=\"slideshow_slide slideshow_slide_image\">\r\n\t\t\t\t\t<a href=\"https:\/\/www.ottobock.es\/\" target=\"_blank\" >\t\t\t\t\t\t<img src=\"https:\/\/www.casaproductosdeapoyo.com\/wp-content\/uploads\/2020\/04\/ottobock.jpg\" alt=\"Logo Ottobock\" width=\"300\" height=\"130\" \/>\r\n\t\t\t\t\t<\/a>\t\t\t\t\t<div class=\"slideshow_description_box slideshow_transparent\">\r\n\t\t\t\t\t\t<div class=\"slideshow_title\"><a href=\"https:\/\/www.ottobock.es\/\" target=\"_blank\" >Ottobock<\/a><\/div>\t\t\t\t\t\t\t\t\t\t\t<\/div>\r\n\t\t\t\t<\/div>\r\n\r\n\t\t\t\t\t\t\r\n\t\t\t\t<div class=\"slideshow_slide slideshow_slide_image\">\r\n\t\t\t\t\t<a href=\"https:\/\/www.fortasl.es\/\" target=\"_blank\" >\t\t\t\t\t\t<img src=\"https:\/\/www.casaproductosdeapoyo.com\/wp-content\/uploads\/2020\/04\/forta.jpg\" alt=\"Logo FORTA\" width=\"300\" height=\"130\" \/>\r\n\t\t\t\t\t<\/a>\t\t\t\t\t<div class=\"slideshow_description_box slideshow_transparent\">\r\n\t\t\t\t\t\t<div class=\"slideshow_title\"><a href=\"https:\/\/www.fortasl.es\/\" target=\"_blank\" >FORTA<\/a><\/div>\t\t\t\t\t\t\t\t\t\t\t<\/div>\r\n\t\t\t\t<\/div>\r\n\r\n\t\t\t\t\t\t\r\n\t\t\t\t<div class=\"slideshow_slide slideshow_slide_image\">\r\n\t\t\t\t\t<a href=\"https:\/\/www.rehagirona.com\/\" target=\"_blank\" >\t\t\t\t\t\t<img src=\"https:\/\/www.casaproductosdeapoyo.com\/wp-content\/uploads\/2020\/04\/rehagirona.jpg\" alt=\"Logo Rehagirona\" width=\"300\" height=\"130\" \/>\r\n\t\t\t\t\t<\/a>\t\t\t\t\t<div class=\"slideshow_description_box slideshow_transparent\">\r\n\t\t\t\t\t\t<div class=\"slideshow_title\"><a href=\"https:\/\/www.rehagirona.com\/\" target=\"_blank\" >Rehagirona<\/a><\/div>\t\t\t\t\t\t\t\t\t\t\t<\/div>\r\n\t\t\t\t<\/div>\r\n\r\n\t\t\t\t\t\t\r\n\t\t\t\t<div class=\"slideshow_slide slideshow_slide_image\">\r\n\t\t\t\t\t<a href=\"https:\/\/www.prim.es\/\" target=\"_blank\" >\t\t\t\t\t\t<img src=\"https:\/\/www.casaproductosdeapoyo.com\/wp-content\/uploads\/2020\/04\/prim.jpg\" alt=\"Logo PRIM\" width=\"300\" height=\"130\" \/>\r\n\t\t\t\t\t<\/a>\t\t\t\t\t<div class=\"slideshow_description_box slideshow_transparent\">\r\n\t\t\t\t\t\t<div class=\"slideshow_title\"><a href=\"https:\/\/www.prim.es\/\" target=\"_blank\" >PRIM<\/a><\/div>\t\t\t\t\t\t\t\t\t\t\t<\/div>\r\n\t\t\t\t<\/div>\r\n\r\n\t\t\t\t\t\t<div style=\"clear: both;\"><\/div><\/div><div class=\"slideshow_view\">\r\n\t\t\t\t<div class=\"slideshow_slide slideshow_slide_image\">\r\n\t\t\t\t\t<a href=\"https:\/\/www.ayudasdinamicas.com\/\" target=\"_blank\" >\t\t\t\t\t\t<img src=\"https:\/\/www.casaproductosdeapoyo.com\/wp-content\/uploads\/2020\/04\/ayudas-dinamicas.jpg\" alt=\"Logo Ayudas Din\u00e1micas\" width=\"300\" height=\"130\" \/>\r\n\t\t\t\t\t<\/a>\t\t\t\t\t<div class=\"slideshow_description_box slideshow_transparent\">\r\n\t\t\t\t\t\t<div class=\"slideshow_title\"><a href=\"https:\/\/www.ayudasdinamicas.com\/\" target=\"_blank\" >Ayudas Din\u00e1micas<\/a><\/div>\t\t\t\t\t\t\t\t\t\t\t<\/div>\r\n\t\t\t\t<\/div>\r\n\r\n\t\t\t\t\t\t\r\n\t\t\t\t<div class=\"slideshow_slide slideshow_slide_image\">\r\n\t\t\t\t\t<a href=\"https:\/\/www.amoena.com\/es\/\" target=\"_blank\" >\t\t\t\t\t\t<img src=\"https:\/\/www.casaproductosdeapoyo.com\/wp-content\/uploads\/2020\/04\/amoena.jpg\" alt=\"Logo Amoena\" width=\"300\" height=\"130\" \/>\r\n\t\t\t\t\t<\/a>\t\t\t\t\t<div class=\"slideshow_description_box slideshow_transparent\">\r\n\t\t\t\t\t\t<div class=\"slideshow_title\"><a href=\"https:\/\/www.amoena.com\/es\/\" target=\"_blank\" >Amoena<\/a><\/div>\t\t\t\t\t\t\t\t\t\t\t<\/div>\r\n\t\t\t\t<\/div>\r\n\r\n\t\t\t\t\t\t\r\n\t\t\t\t<div class=\"slideshow_slide slideshow_slide_image\">\r\n\t\t\t\t\t<a href=\"https:\/\/www.mediespana.com\/\" target=\"_blank\" >\t\t\t\t\t\t<img src=\"https:\/\/www.casaproductosdeapoyo.com\/wp-content\/uploads\/2020\/04\/medi-espana.jpg\" alt=\"Logo Medi\" width=\"300\" height=\"130\" \/>\r\n\t\t\t\t\t<\/a>\t\t\t\t\t<div class=\"slideshow_description_box slideshow_transparent\">\r\n\t\t\t\t\t\t<div class=\"slideshow_title\"><a href=\"https:\/\/www.mediespana.com\/\" target=\"_blank\" >Medi Espa\u00f1a<\/a><\/div>\t\t\t\t\t\t\t\t\t\t\t<\/div>\r\n\t\t\t\t<\/div>\r\n\r\n\t\t\t\t\t\t\r\n\t\t\t\t<div class=\"slideshow_slide slideshow_slide_image\">\r\n\t\t\t\t\t<a href=\"https:\/\/www.sunrisemedical.es\/\" target=\"_blank\" >\t\t\t\t\t\t<img src=\"https:\/\/www.casaproductosdeapoyo.com\/wp-content\/uploads\/2020\/04\/sunrise-medical.jpg\" alt=\"Logo Sunrise Medical\" width=\"300\" height=\"130\" \/>\r\n\t\t\t\t\t<\/a>\t\t\t\t\t<div class=\"slideshow_description_box slideshow_transparent\">\r\n\t\t\t\t\t\t<div class=\"slideshow_title\"><a href=\"https:\/\/www.sunrisemedical.es\/\" target=\"_blank\" >Sunrise Medical<\/a><\/div>\t\t\t\t\t\t\t\t\t\t\t<\/div>\r\n\t\t\t\t<\/div>\r\n\r\n\t\t\t\t\t\t\r\n\t\t\t\t<div class=\"slideshow_slide slideshow_slide_image\">\r\n\t\t\t\t\t<a href=\"https:\/\/www.invacare.es\/es\" target=\"_blank\" >\t\t\t\t\t\t<img src=\"https:\/\/www.casaproductosdeapoyo.com\/wp-content\/uploads\/2020\/04\/invacare.jpg\" alt=\"Logo Invacare\" width=\"300\" height=\"130\" \/>\r\n\t\t\t\t\t<\/a>\t\t\t\t\t<div class=\"slideshow_description_box slideshow_transparent\">\r\n\t\t\t\t\t\t<div class=\"slideshow_title\"><a href=\"https:\/\/www.invacare.es\/es\" target=\"_blank\" >Invacare<\/a><\/div>\t\t\t\t\t\t\t\t\t\t\t<\/div>\r\n\t\t\t\t<\/div>\r\n\r\n\t\t\t\t\t\t<div style=\"clear: both;\"><\/div><\/div>\r\n\t\t<\/div>\r\n\r\n\t\t<div class=\"slideshow_controlPanel slideshow_transparent\" style=\"display: none;\"><ul><li class=\"slideshow_togglePlay\" data-play-text=\"Play\" data-pause-text=\"Pause\"><\/li><\/ul><\/div>\r\n\r\n\t\t<div class=\"slideshow_button slideshow_previous slideshow_transparent\" role=\"button\" data-previous-text=\"Previous\" style=\"display: none;\"><\/div>\r\n\t\t<div class=\"slideshow_button slideshow_next slideshow_transparent\" role=\"button\" data-next-text=\"Next\" style=\"display: none;\"><\/div>\r\n\r\n\t\t<div class=\"slideshow_pagination\" style=\"display: none;\" data-go-to-text=\"Go to slide\"><div class=\"slideshow_pagination_center\"><\/div><\/div>\r\n\r\n\t\t<!-- WordPress Slideshow Version 2.3.1 -->\r\n\r\n\t\t\t<\/div>\r\n\r\n\n<\/div><\/section>\n<\/div>","protected":false},"excerpt":{"rendered":"<div class=\"link-more\"><a href=\"https:\/\/www.casaproductosdeapoyo.com\/ca\/\" class=\"more-link\">Seguir leyendo<span class=\"screen-reader-text\"> &ldquo;Inicio&rdquo;<\/span>&hellip;<\/a><\/div>","protected":false},"author":1,"featured_media":0,"parent":0,"menu_order":0,"comment_status":"closed","ping_status":"closed","template":"templates\/no-intro.php","meta":{"_uag_custom_page_level_css":"","footnotes":""},"class_list":["post-32","page","type-page","status-publish","hentry","entry"],"yoast_head":"<!-- This site is optimized with the Yoast SEO plugin v27.6 - https:\/\/yoast.com\/product\/yoast-seo-wordpress\/ -->\n<title>Inicio | CASA Productos de apoyo<\/title>\n<meta name=\"robots\" content=\"index, follow, max-snippet:-1, max-image-preview:large, max-video-preview:-1\" \/>\n<link rel=\"canonical\" href=\"https:\/\/www.casaproductosdeapoyo.com\/ca\/\" \/>\n<meta property=\"og:locale\" content=\"ca_ES\" \/>\n<meta property=\"og:type\" content=\"article\" \/>\n<meta property=\"og:title\" content=\"Inicio | CASA Productos de apoyo\" \/>\n<meta property=\"og:description\" content=\"Seguir leyendo &ldquo;Inicio&rdquo;&hellip;\" \/>\n<meta property=\"og:url\" content=\"https:\/\/www.casaproductosdeapoyo.com\/ca\/\" \/>\n<meta property=\"og:site_name\" content=\"CASA Productos de apoyo\" \/>\n<meta property=\"article:modified_time\" content=\"2024-06-04T11:06:20+00:00\" \/>\n<meta property=\"og:image\" content=\"https:\/\/www.casaproductosdeapoyo.com\/wp-content\/uploads\/2025\/11\/Logo-CASA-copia.png\" \/>\n\t<meta property=\"og:image:width\" content=\"1920\" \/>\n\t<meta property=\"og:image:height\" content=\"1080\" \/>\n\t<meta property=\"og:image:type\" content=\"image\/png\" \/>\n<meta name=\"twitter:card\" content=\"summary_large_image\" \/>\n<script type=\"application\/ld+json\" class=\"yoast-schema-graph\">{\"@context\":\"https:\\\/\\\/schema.org\",\"@graph\":[{\"@type\":\"WebPage\",\"@id\":\"https:\\\/\\\/www.casaproductosdeapoyo.com\\\/\",\"url\":\"https:\\\/\\\/www.casaproductosdeapoyo.com\\\/\",\"name\":\"Inicio | CASA Productos de apoyo\",\"isPartOf\":{\"@id\":\"https:\\\/\\\/www.casaproductosdeapoyo.com\\\/#website\"},\"datePublished\":\"2019-07-17T07:40:37+00:00\",\"dateModified\":\"2024-06-04T11:06:20+00:00\",\"breadcrumb\":{\"@id\":\"https:\\\/\\\/www.casaproductosdeapoyo.com\\\/#breadcrumb\"},\"inLanguage\":\"ca\",\"potentialAction\":[{\"@type\":\"ReadAction\",\"target\":[\"https:\\\/\\\/www.casaproductosdeapoyo.com\\\/\"]}]},{\"@type\":\"BreadcrumbList\",\"@id\":\"https:\\\/\\\/www.casaproductosdeapoyo.com\\\/#breadcrumb\",\"itemListElement\":[{\"@type\":\"ListItem\",\"position\":1,\"name\":\"Portada\",\"item\":\"https:\\\/\\\/www.casaproductosdeapoyo.com\\\/\"},{\"@type\":\"ListItem\",\"position\":2,\"name\":\"Inicio\"}]},{\"@type\":\"WebSite\",\"@id\":\"https:\\\/\\\/www.casaproductosdeapoyo.com\\\/#website\",\"url\":\"https:\\\/\\\/www.casaproductosdeapoyo.com\\\/\",\"name\":\"CASA Productos de apoyo\",\"description\":\"Especialistas en accesibilidad, \u00f3rtesis y productos de apoyo\",\"publisher\":{\"@id\":\"https:\\\/\\\/www.casaproductosdeapoyo.com\\\/#organization\"},\"potentialAction\":[{\"@type\":\"SearchAction\",\"target\":{\"@type\":\"EntryPoint\",\"urlTemplate\":\"https:\\\/\\\/www.casaproductosdeapoyo.com\\\/?s={search_term_string}\"},\"query-input\":{\"@type\":\"PropertyValueSpecification\",\"valueRequired\":true,\"valueName\":\"search_term_string\"}}],\"inLanguage\":\"ca\"},{\"@type\":\"Organization\",\"@id\":\"https:\\\/\\\/www.casaproductosdeapoyo.com\\\/#organization\",\"name\":\"CASA Productos de apoyo\",\"url\":\"https:\\\/\\\/www.casaproductosdeapoyo.com\\\/\",\"logo\":{\"@type\":\"ImageObject\",\"inLanguage\":\"ca\",\"@id\":\"https:\\\/\\\/www.casaproductosdeapoyo.com\\\/#\\\/schema\\\/logo\\\/image\\\/\",\"url\":\"https:\\\/\\\/www.casaproductosdeapoyo.com\\\/wp-content\\\/uploads\\\/2025\\\/11\\\/Logo-CASA-copia.png\",\"contentUrl\":\"https:\\\/\\\/www.casaproductosdeapoyo.com\\\/wp-content\\\/uploads\\\/2025\\\/11\\\/Logo-CASA-copia.png\",\"width\":1920,\"height\":1080,\"caption\":\"CASA Productos de apoyo\"},\"image\":{\"@id\":\"https:\\\/\\\/www.casaproductosdeapoyo.com\\\/#\\\/schema\\\/logo\\\/image\\\/\"}}]}<\/script>\n<!-- \/ Yoast SEO plugin. -->","yoast_head_json":{"title":"Inicio | CASA Productos de apoyo","robots":{"index":"index","follow":"follow","max-snippet":"max-snippet:-1","max-image-preview":"max-image-preview:large","max-video-preview":"max-video-preview:-1"},"canonical":"https:\/\/www.casaproductosdeapoyo.com\/ca\/","og_locale":"ca_ES","og_type":"article","og_title":"Inicio | CASA Productos de apoyo","og_description":"Seguir leyendo &ldquo;Inicio&rdquo;&hellip;","og_url":"https:\/\/www.casaproductosdeapoyo.com\/ca\/","og_site_name":"CASA Productos de apoyo","article_modified_time":"2024-06-04T11:06:20+00:00","og_image":[{"width":1920,"height":1080,"url":"https:\/\/www.casaproductosdeapoyo.com\/wp-content\/uploads\/2025\/11\/Logo-CASA-copia.png","type":"image\/png"}],"twitter_card":"summary_large_image","schema":{"@context":"https:\/\/schema.org","@graph":[{"@type":"WebPage","@id":"https:\/\/www.casaproductosdeapoyo.com\/","url":"https:\/\/www.casaproductosdeapoyo.com\/","name":"Inicio | CASA Productos de apoyo","isPartOf":{"@id":"https:\/\/www.casaproductosdeapoyo.com\/#website"},"datePublished":"2019-07-17T07:40:37+00:00","dateModified":"2024-06-04T11:06:20+00:00","breadcrumb":{"@id":"https:\/\/www.casaproductosdeapoyo.com\/#breadcrumb"},"inLanguage":"ca","potentialAction":[{"@type":"ReadAction","target":["https:\/\/www.casaproductosdeapoyo.com\/"]}]},{"@type":"BreadcrumbList","@id":"https:\/\/www.casaproductosdeapoyo.com\/#breadcrumb","itemListElement":[{"@type":"ListItem","position":1,"name":"Portada","item":"https:\/\/www.casaproductosdeapoyo.com\/"},{"@type":"ListItem","position":2,"name":"Inicio"}]},{"@type":"WebSite","@id":"https:\/\/www.casaproductosdeapoyo.com\/#website","url":"https:\/\/www.casaproductosdeapoyo.com\/","name":"CASA Productos de apoyo","description":"Especialistas en accesibilidad, \u00f3rtesis y productos de apoyo","publisher":{"@id":"https:\/\/www.casaproductosdeapoyo.com\/#organization"},"potentialAction":[{"@type":"SearchAction","target":{"@type":"EntryPoint","urlTemplate":"https:\/\/www.casaproductosdeapoyo.com\/?s={search_term_string}"},"query-input":{"@type":"PropertyValueSpecification","valueRequired":true,"valueName":"search_term_string"}}],"inLanguage":"ca"},{"@type":"Organization","@id":"https:\/\/www.casaproductosdeapoyo.com\/#organization","name":"CASA Productos de apoyo","url":"https:\/\/www.casaproductosdeapoyo.com\/","logo":{"@type":"ImageObject","inLanguage":"ca","@id":"https:\/\/www.casaproductosdeapoyo.com\/#\/schema\/logo\/image\/","url":"https:\/\/www.casaproductosdeapoyo.com\/wp-content\/uploads\/2025\/11\/Logo-CASA-copia.png","contentUrl":"https:\/\/www.casaproductosdeapoyo.com\/wp-content\/uploads\/2025\/11\/Logo-CASA-copia.png","width":1920,"height":1080,"caption":"CASA Productos de apoyo"},"image":{"@id":"https:\/\/www.casaproductosdeapoyo.com\/#\/schema\/logo\/image\/"}}]}},"uagb_featured_image_src":{"full":false,"thumbnail":false,"medium":false,"medium_large":false,"large":false,"1536x1536":false,"2048x2048":false,"trp-custom-language-flag":false,"reykjavik-intro":false},"uagb_author_info":{"display_name":"admin","author_link":"https:\/\/www.casaproductosdeapoyo.com\/ca\/author\/admin\/"},"uagb_comment_info":0,"uagb_excerpt":"Seguir leyendo &ldquo;Inicio&rdquo;&hellip;","_links":{"self":[{"href":"https:\/\/www.casaproductosdeapoyo.com\/ca\/wp-json\/wp\/v2\/pages\/32","targetHints":{"allow":["GET"]}}],"collection":[{"href":"https:\/\/www.casaproductosdeapoyo.com\/ca\/wp-json\/wp\/v2\/pages"}],"about":[{"href":"https:\/\/www.casaproductosdeapoyo.com\/ca\/wp-json\/wp\/v2\/types\/page"}],"author":[{"embeddable":true,"href":"https:\/\/www.casaproductosdeapoyo.com\/ca\/wp-json\/wp\/v2\/users\/1"}],"replies":[{"embeddable":true,"href":"https:\/\/www.casaproductosdeapoyo.com\/ca\/wp-json\/wp\/v2\/comments?post=32"}],"version-history":[{"count":74,"href":"https:\/\/www.casaproductosdeapoyo.com\/ca\/wp-json\/wp\/v2\/pages\/32\/revisions"}],"predecessor-version":[{"id":1483,"href":"https:\/\/www.casaproductosdeapoyo.com\/ca\/wp-json\/wp\/v2\/pages\/32\/revisions\/1483"}],"wp:attachment":[{"href":"https:\/\/www.casaproductosdeapoyo.com\/ca\/wp-json\/wp\/v2\/media?parent=32"}],"curies":[{"name":"wp","href":"https:\/\/api.w.org\/{rel}","templated":true}]}}