{"id":156,"date":"2019-07-24T14:18:55","date_gmt":"2019-07-24T12:18:55","guid":{"rendered":"https:\/\/www.casaproductosdeapoyo.com\/?page_id=156"},"modified":"2024-05-30T13:56:45","modified_gmt":"2024-05-30T11:56:45","slug":"productos","status":"publish","type":"page","link":"https:\/\/www.casaproductosdeapoyo.com\/ca\/productos\/","title":{"rendered":"Productes"},"content":{"rendered":"<div class=\"align-wrap\" data-block=\"uagb-section\" data-block-class=\"page-productos\">\n<section class=\"wp-block-uagb-section uagb-section__wrap uagb-section__background-undefined alignwide uagb-block-f38e7e0f-5bfb-4016-a930-7df1f4692565 page-productos\" id=\"uagb-section-7095e57a-a9c0-490b-8ee3-58fbd36cc09f\"><div class=\"uagb-section__overlay\"><\/div><div class=\"uagb-section__inner-wrap\">\n<section class=\"wp-block-uagb-columns uagb-columns__wrap uagb-columns__background-undefined uagb-columns__stack-mobile uagb-columns__valign-undefined uagb-columns__gap-10 alignundefined uagb-block-c7b1ceed-53c9-46ef-a543-e55b7f5a50cc\" id=\"uagb-columns-010c7bec-0792-4306-8b9f-6670e6056136\"><div class=\"uagb-columns__overlay\"><\/div><div class=\"uagb-columns__inner-wrap uagb-columns__columns-4\">\n<div class=\"wp-block-uagb-column uagb-column__wrap uagb-column__background-undefined uagb-block-406abdbb-29a9-4acf-bdd8-fc1051d3391d item-productos-ortesica\"><div class=\"uagb-column__overlay\"><\/div><div class=\"uagb-column__inner-wrap\">\n<div class=\"wp-block-uagb-info-box uagb-infobox__outer-wrap uagb-block-039f36c4-052d-406b-9876-faff572254e2\" id=\"uagb-infobox-2d0e3f96-3973-42f3-8019-817faff8e44c\"><div class=\"uagb-infobox__content-wrap uagb-infobox uagb-infobox-has-image uagb-infobox-icon-below-title uagb-infobox-image-valign-top uagb-infobox-enable-border-radius\"><div class=\"uagb-ifb-left-right-wrap\"><div class=\"uagb-ifb-content\"><div class=\"uagb-ifb-title-wrap\"><h3 class=\"uagb-ifb-title\">Ort\u00e8sica<\/h3><\/div><div class=\"uagb-ifb-separator-parent\"><div class=\"uagb-ifb-separator\"><\/div><\/div><div class=\"uagb-ifb-image-icon-content uagb-ifb-imgicon-wrap\"><div class=\"uagb-ifb-image\"><div class=\"uagb-ifb-image-content\"><img decoding=\"async\" class=\"\" src=\"https:\/\/www.casaproductosdeapoyo.com\/wp-content\/uploads\/2020\/10\/ortesica-300x300.jpg\" alt=\"Ort\u00e9sica\"\/><\/div><\/div><\/div><div class=\"uagb-ifb-text-wrap\"><p class=\"uagb-ifb-desc\">Ponemos a tu disposici\u00f3n las \u00faltimas novedades del mercado en ort\u00e9sica, las mejores marcas y los productos y materiales m\u00e1s innovadores.<\/p><\/div><\/div><\/div><\/div><\/div>\n\n\n\n<div class=\"wp-block-uagb-buttons uagb-buttons__outer-wrap uagb-block-c097a1c9-b67c-4425-b12c-af8c5cff5a6e\" id=\"uagb-buttons-ab7f88c1-01f2-41e7-bff9-5b1d2e96daf0\"><div class=\"uagb-buttons__wrap uagb-buttons-layout-wrap\">\n<div class=\"wp-block-uagb-buttons-child uagb-buttons__outer-wrap uagb-block-7e82a8e9-020b-40e8-838c-45ea7a34f697\"><div class=\"uagb-button__wrapper\"><div class=\"uagb-buttons-repeater\"><a class=\"uagb-button__link\" href=\"\/ca\/ortesica\/\" rel=\"noopener noreferrer\" target=\"_self\">Ver productos<\/a><\/div><\/div><\/div>\n<\/div><\/div>\n<\/div><\/div>\n\n\n\n<div class=\"wp-block-uagb-column uagb-column__wrap uagb-column__background-undefined uagb-block-c1dcb353-072e-405e-bec7-191e64530a61 item-productos-ortesica-a-medida\"><div class=\"uagb-column__overlay\"><\/div><div class=\"uagb-column__inner-wrap\">\n<div class=\"wp-block-uagb-info-box uagb-infobox__outer-wrap uagb-block-d7163e2f-1081-45f7-87be-ea358b415a01\" id=\"uagb-infobox-f8482cd7-d585-4a4b-bb8e-505c048bb139\"><div class=\"uagb-infobox__content-wrap uagb-infobox uagb-infobox-has-image uagb-infobox-icon-below-title uagb-infobox-image-valign-top uagb-infobox-enable-border-radius\"><div class=\"uagb-ifb-left-right-wrap\"><div class=\"uagb-ifb-content\"><div class=\"uagb-ifb-title-wrap\"><h3 class=\"uagb-ifb-title\">Pressoter\u00e0pia <\/h3><\/div><div class=\"uagb-ifb-separator-parent\"><div class=\"uagb-ifb-separator\"><\/div><\/div><div class=\"uagb-ifb-image-icon-content uagb-ifb-imgicon-wrap\"><div class=\"uagb-ifb-image\"><div class=\"uagb-ifb-image-content\"><img decoding=\"async\" class=\"\" src=\"https:\/\/www.casaproductosdeapoyo.com\/wp-content\/uploads\/2020\/10\/presoterapia-300x300.jpg\" alt=\"Presoterapia\"\/><\/div><\/div><\/div><div class=\"uagb-ifb-text-wrap\"><p class=\"uagb-ifb-desc\">Prendas de compresi\u00f3n a medida para pacientes con linfedema, problemas vasculares, cicatrices hipertr\u00f3ficas, quemaduras, prendas postquir\u00fargicas, etc.<\/p><\/div><\/div><\/div><\/div><\/div>\n\n\n\n<div class=\"wp-block-uagb-buttons uagb-buttons__outer-wrap uagb-block-ae4bb0e0-0b89-4014-ad8e-83f69768db1d\" id=\"uagb-buttons-c63ab763-b41c-43ac-a430-7dd88f21ecee\"><div class=\"uagb-buttons__wrap uagb-buttons-layout-wrap\">\n<div class=\"wp-block-uagb-buttons-child uagb-buttons__outer-wrap uagb-block-2e7e091f-4d99-4fd7-abe4-1256cc5b73eb\"><div class=\"uagb-button__wrapper\"><div class=\"uagb-buttons-repeater\"><a class=\"uagb-button__link\" href=\"\/ca\/presoterapia\/\" rel=\"noopener noreferrer\" target=\"_self\">Ver productos<\/a><\/div><\/div><\/div>\n<\/div><\/div>\n<\/div><\/div>\n\n\n\n<div class=\"wp-block-uagb-column uagb-column__wrap uagb-column__background-undefined uagb-block-fd24c977-b460-4efd-928d-0db1eb32e2b3 item-productos-protesica\"><div class=\"uagb-column__overlay\"><\/div><div class=\"uagb-column__inner-wrap\">\n<div class=\"wp-block-uagb-info-box uagb-infobox__outer-wrap uagb-block-48d4d631-6269-4877-a9fb-56d5f56a8319\" id=\"uagb-infobox-228731f1-5dc3-4c94-ba86-386d8771514a\"><div class=\"uagb-infobox__content-wrap uagb-infobox uagb-infobox-has-image uagb-infobox-icon-below-title uagb-infobox-image-valign-top uagb-infobox-enable-border-radius\"><div class=\"uagb-ifb-left-right-wrap\"><div class=\"uagb-ifb-content\"><div class=\"uagb-ifb-title-wrap\"><h3 class=\"uagb-ifb-title\">Productes de suport <\/h3><\/div><div class=\"uagb-ifb-separator-parent\"><div class=\"uagb-ifb-separator\"><\/div><\/div><div class=\"uagb-ifb-image-icon-content uagb-ifb-imgicon-wrap\"><div class=\"uagb-ifb-image\"><div class=\"uagb-ifb-image-content\"><img decoding=\"async\" class=\"\" src=\"https:\/\/www.casaproductosdeapoyo.com\/wp-content\/uploads\/2020\/10\/productos-de-apoyo-300x300.jpg\" alt=\"Productos de apoyo\"\/><\/div><\/div><\/div><div class=\"uagb-ifb-text-wrap\"><p class=\"uagb-ifb-desc\">Todos aquellos productos dirigidos y dise\u00f1ados para mejorar tu autonom\u00eda y calidad de vida, as\u00ed como facilitar la tarea de los cuidadores principales.<\/p><\/div><\/div><\/div><\/div><\/div>\n\n\n\n<div class=\"wp-block-uagb-buttons uagb-buttons__outer-wrap uagb-block-0b244963-0863-4598-b28b-092d4da1d45c\" id=\"uagb-buttons-9b047986-44ac-49f5-afe9-141ad55d0082\"><div class=\"uagb-buttons__wrap uagb-buttons-layout-wrap\">\n<div class=\"wp-block-uagb-buttons-child uagb-buttons__outer-wrap uagb-block-34f8d149-4dc5-44c5-88c6-b28b5abf4ea6\"><div class=\"uagb-button__wrapper\"><div class=\"uagb-buttons-repeater\"><a class=\"uagb-button__link\" href=\"\/ca\/productos-de-apoyo\/\" rel=\"noopener noreferrer\" target=\"_self\">Ver productos<\/a><\/div><\/div><\/div>\n<\/div><\/div>\n<\/div><\/div>\n\n\n\n<div class=\"wp-block-uagb-column uagb-column__wrap uagb-column__background-undefined uagb-block-cb8d0144-852c-42d1-a0b4-6cf066dad1a2 item-productos-pediatria\"><div class=\"uagb-column__overlay\"><\/div><div class=\"uagb-column__inner-wrap\">\n<div class=\"wp-block-uagb-info-box uagb-infobox__outer-wrap uagb-block-19b63416-52cd-45bd-8ace-6e04f3dd10d6\" id=\"uagb-infobox-b125dcb2-6e14-4b21-a798-4aea1c101f32\"><div class=\"uagb-infobox__content-wrap uagb-infobox uagb-infobox-has-image uagb-infobox-icon-below-title uagb-infobox-image-valign-top uagb-infobox-enable-border-radius\"><div class=\"uagb-ifb-left-right-wrap\"><div class=\"uagb-ifb-content\"><div class=\"uagb-ifb-title-wrap\"><h3 class=\"uagb-ifb-title\">Mobilitat <\/h3><\/div><div class=\"uagb-ifb-separator-parent\"><div class=\"uagb-ifb-separator\"><\/div><\/div><div class=\"uagb-ifb-image-icon-content uagb-ifb-imgicon-wrap\"><div class=\"uagb-ifb-image\"><div class=\"uagb-ifb-image-content\"><img decoding=\"async\" class=\"\" src=\"https:\/\/www.casaproductosdeapoyo.com\/wp-content\/uploads\/2020\/10\/movilidad-300x300.jpg\" alt=\"Movilidad\"\/><\/div><\/div><\/div><div class=\"uagb-ifb-text-wrap\"><p class=\"uagb-ifb-desc\">Productos que pretenden la m\u00e1xima autonom\u00eda y confort en los desplazamientos. Movilidad en todas sus modalidades y adaptada a persona-entorno-necesidades.<\/p><\/div><\/div><\/div><\/div><\/div>\n\n\n\n<div class=\"wp-block-uagb-buttons uagb-buttons__outer-wrap uagb-block-7b6a6b2b-9d1f-4a0e-a429-0a98083e2917\" id=\"uagb-buttons-7c566592-b5a2-405d-8cbf-0688f8d9846a\"><div class=\"uagb-buttons__wrap uagb-buttons-layout-wrap\">\n<div class=\"wp-block-uagb-buttons-child uagb-buttons__outer-wrap uagb-block-4d90bade-fd38-44ec-b35b-b3a7aac61bf6\"><div class=\"uagb-button__wrapper\"><div class=\"uagb-buttons-repeater\"><a class=\"uagb-button__link\" href=\"\/ca\/movilidad\/\" rel=\"noopener noreferrer\" target=\"_self\">Ver productos<\/a><\/div><\/div><\/div>\n<\/div><\/div>\n<\/div><\/div>\n<\/div><\/section>\n<\/div><\/section>\n<\/div>","protected":false},"excerpt":{"rendered":"<div class=\"link-more\"><a href=\"https:\/\/www.casaproductosdeapoyo.com\/ca\/productos\/\" class=\"more-link\">Seguir leyendo<span class=\"screen-reader-text\"> &ldquo;Productos&rdquo;<\/span>&hellip;<\/a><\/div>","protected":false},"author":1,"featured_media":0,"parent":0,"menu_order":0,"comment_status":"closed","ping_status":"closed","template":"","meta":{"_uag_custom_page_level_css":"","footnotes":""},"class_list":["post-156","page","type-page","status-publish","hentry","entry"],"yoast_head":"<!-- This site is optimized with the Yoast SEO plugin v27.6 - https:\/\/yoast.com\/product\/yoast-seo-wordpress\/ -->\n<title>Productos | CASA Productos de apoyo<\/title>\n<meta name=\"robots\" content=\"index, follow, max-snippet:-1, max-image-preview:large, max-video-preview:-1\" \/>\n<link rel=\"canonical\" href=\"https:\/\/www.casaproductosdeapoyo.com\/ca\/productos\/\" \/>\n<meta property=\"og:locale\" content=\"ca_ES\" \/>\n<meta property=\"og:type\" content=\"article\" \/>\n<meta property=\"og:title\" content=\"Productos | CASA Productos de apoyo\" \/>\n<meta property=\"og:description\" content=\"Seguir leyendo &ldquo;Productos&rdquo;&hellip;\" \/>\n<meta property=\"og:url\" content=\"https:\/\/www.casaproductosdeapoyo.com\/ca\/productos\/\" \/>\n<meta property=\"og:site_name\" content=\"CASA Productos de apoyo\" \/>\n<meta property=\"article:modified_time\" content=\"2024-05-30T11:56:45+00:00\" \/>\n<meta property=\"og:image\" content=\"https:\/\/www.casaproductosdeapoyo.com\/wp-content\/uploads\/2020\/10\/ortesica-300x300.jpg\" \/>\n<meta name=\"twitter:card\" content=\"summary_large_image\" \/>\n<meta name=\"twitter:label1\" content=\"Temps estimat de lectura\" \/>\n\t<meta name=\"twitter:data1\" content=\"1 minut\" \/>\n<script type=\"application\/ld+json\" class=\"yoast-schema-graph\">{\"@context\":\"https:\\\/\\\/schema.org\",\"@graph\":[{\"@type\":\"WebPage\",\"@id\":\"https:\\\/\\\/www.casaproductosdeapoyo.com\\\/productos\\\/\",\"url\":\"https:\\\/\\\/www.casaproductosdeapoyo.com\\\/productos\\\/\",\"name\":\"Productos | CASA Productos de apoyo\",\"isPartOf\":{\"@id\":\"https:\\\/\\\/www.casaproductosdeapoyo.com\\\/#website\"},\"primaryImageOfPage\":{\"@id\":\"https:\\\/\\\/www.casaproductosdeapoyo.com\\\/productos\\\/#primaryimage\"},\"image\":{\"@id\":\"https:\\\/\\\/www.casaproductosdeapoyo.com\\\/productos\\\/#primaryimage\"},\"thumbnailUrl\":\"https:\\\/\\\/www.casaproductosdeapoyo.com\\\/wp-content\\\/uploads\\\/2020\\\/10\\\/ortesica-300x300.jpg\",\"datePublished\":\"2019-07-24T12:18:55+00:00\",\"dateModified\":\"2024-05-30T11:56:45+00:00\",\"breadcrumb\":{\"@id\":\"https:\\\/\\\/www.casaproductosdeapoyo.com\\\/productos\\\/#breadcrumb\"},\"inLanguage\":\"ca\",\"potentialAction\":[{\"@type\":\"ReadAction\",\"target\":[\"https:\\\/\\\/www.casaproductosdeapoyo.com\\\/productos\\\/\"]}]},{\"@type\":\"ImageObject\",\"inLanguage\":\"ca\",\"@id\":\"https:\\\/\\\/www.casaproductosdeapoyo.com\\\/productos\\\/#primaryimage\",\"url\":\"https:\\\/\\\/www.casaproductosdeapoyo.com\\\/wp-content\\\/uploads\\\/2020\\\/10\\\/ortesica-300x300.jpg\",\"contentUrl\":\"https:\\\/\\\/www.casaproductosdeapoyo.com\\\/wp-content\\\/uploads\\\/2020\\\/10\\\/ortesica-300x300.jpg\"},{\"@type\":\"BreadcrumbList\",\"@id\":\"https:\\\/\\\/www.casaproductosdeapoyo.com\\\/productos\\\/#breadcrumb\",\"itemListElement\":[{\"@type\":\"ListItem\",\"position\":1,\"name\":\"Portada\",\"item\":\"https:\\\/\\\/www.casaproductosdeapoyo.com\\\/\"},{\"@type\":\"ListItem\",\"position\":2,\"name\":\"Productos\"}]},{\"@type\":\"WebSite\",\"@id\":\"https:\\\/\\\/www.casaproductosdeapoyo.com\\\/#website\",\"url\":\"https:\\\/\\\/www.casaproductosdeapoyo.com\\\/\",\"name\":\"CASA Productos de apoyo\",\"description\":\"Especialistas en accesibilidad, \u00f3rtesis y productos de apoyo\",\"publisher\":{\"@id\":\"https:\\\/\\\/www.casaproductosdeapoyo.com\\\/#organization\"},\"potentialAction\":[{\"@type\":\"SearchAction\",\"target\":{\"@type\":\"EntryPoint\",\"urlTemplate\":\"https:\\\/\\\/www.casaproductosdeapoyo.com\\\/?s={search_term_string}\"},\"query-input\":{\"@type\":\"PropertyValueSpecification\",\"valueRequired\":true,\"valueName\":\"search_term_string\"}}],\"inLanguage\":\"ca\"},{\"@type\":\"Organization\",\"@id\":\"https:\\\/\\\/www.casaproductosdeapoyo.com\\\/#organization\",\"name\":\"CASA Productos de apoyo\",\"url\":\"https:\\\/\\\/www.casaproductosdeapoyo.com\\\/\",\"logo\":{\"@type\":\"ImageObject\",\"inLanguage\":\"ca\",\"@id\":\"https:\\\/\\\/www.casaproductosdeapoyo.com\\\/#\\\/schema\\\/logo\\\/image\\\/\",\"url\":\"https:\\\/\\\/www.casaproductosdeapoyo.com\\\/wp-content\\\/uploads\\\/2025\\\/11\\\/Logo-CASA-copia.png\",\"contentUrl\":\"https:\\\/\\\/www.casaproductosdeapoyo.com\\\/wp-content\\\/uploads\\\/2025\\\/11\\\/Logo-CASA-copia.png\",\"width\":1920,\"height\":1080,\"caption\":\"CASA Productos de apoyo\"},\"image\":{\"@id\":\"https:\\\/\\\/www.casaproductosdeapoyo.com\\\/#\\\/schema\\\/logo\\\/image\\\/\"}}]}<\/script>\n<!-- \/ Yoast SEO plugin. -->","yoast_head_json":{"title":"Productos | CASA Productos de apoyo","robots":{"index":"index","follow":"follow","max-snippet":"max-snippet:-1","max-image-preview":"max-image-preview:large","max-video-preview":"max-video-preview:-1"},"canonical":"https:\/\/www.casaproductosdeapoyo.com\/ca\/productos\/","og_locale":"ca_ES","og_type":"article","og_title":"Productos | CASA Productos de apoyo","og_description":"Seguir leyendo &ldquo;Productos&rdquo;&hellip;","og_url":"https:\/\/www.casaproductosdeapoyo.com\/ca\/productos\/","og_site_name":"CASA Productos de apoyo","article_modified_time":"2024-05-30T11:56:45+00:00","og_image":[{"url":"https:\/\/www.casaproductosdeapoyo.com\/wp-content\/uploads\/2020\/10\/ortesica-300x300.jpg","type":"","width":"","height":""}],"twitter_card":"summary_large_image","twitter_misc":{"Temps estimat de lectura":"1 minut"},"schema":{"@context":"https:\/\/schema.org","@graph":[{"@type":"WebPage","@id":"https:\/\/www.casaproductosdeapoyo.com\/productos\/","url":"https:\/\/www.casaproductosdeapoyo.com\/productos\/","name":"Productos | CASA Productos de apoyo","isPartOf":{"@id":"https:\/\/www.casaproductosdeapoyo.com\/#website"},"primaryImageOfPage":{"@id":"https:\/\/www.casaproductosdeapoyo.com\/productos\/#primaryimage"},"image":{"@id":"https:\/\/www.casaproductosdeapoyo.com\/productos\/#primaryimage"},"thumbnailUrl":"https:\/\/www.casaproductosdeapoyo.com\/wp-content\/uploads\/2020\/10\/ortesica-300x300.jpg","datePublished":"2019-07-24T12:18:55+00:00","dateModified":"2024-05-30T11:56:45+00:00","breadcrumb":{"@id":"https:\/\/www.casaproductosdeapoyo.com\/productos\/#breadcrumb"},"inLanguage":"ca","potentialAction":[{"@type":"ReadAction","target":["https:\/\/www.casaproductosdeapoyo.com\/productos\/"]}]},{"@type":"ImageObject","inLanguage":"ca","@id":"https:\/\/www.casaproductosdeapoyo.com\/productos\/#primaryimage","url":"https:\/\/www.casaproductosdeapoyo.com\/wp-content\/uploads\/2020\/10\/ortesica-300x300.jpg","contentUrl":"https:\/\/www.casaproductosdeapoyo.com\/wp-content\/uploads\/2020\/10\/ortesica-300x300.jpg"},{"@type":"BreadcrumbList","@id":"https:\/\/www.casaproductosdeapoyo.com\/productos\/#breadcrumb","itemListElement":[{"@type":"ListItem","position":1,"name":"Portada","item":"https:\/\/www.casaproductosdeapoyo.com\/"},{"@type":"ListItem","position":2,"name":"Productos"}]},{"@type":"WebSite","@id":"https:\/\/www.casaproductosdeapoyo.com\/#website","url":"https:\/\/www.casaproductosdeapoyo.com\/","name":"CASA Productos de apoyo","description":"Especialistas en accesibilidad, \u00f3rtesis y productos de apoyo","publisher":{"@id":"https:\/\/www.casaproductosdeapoyo.com\/#organization"},"potentialAction":[{"@type":"SearchAction","target":{"@type":"EntryPoint","urlTemplate":"https:\/\/www.casaproductosdeapoyo.com\/?s={search_term_string}"},"query-input":{"@type":"PropertyValueSpecification","valueRequired":true,"valueName":"search_term_string"}}],"inLanguage":"ca"},{"@type":"Organization","@id":"https:\/\/www.casaproductosdeapoyo.com\/#organization","name":"CASA Productos de apoyo","url":"https:\/\/www.casaproductosdeapoyo.com\/","logo":{"@type":"ImageObject","inLanguage":"ca","@id":"https:\/\/www.casaproductosdeapoyo.com\/#\/schema\/logo\/image\/","url":"https:\/\/www.casaproductosdeapoyo.com\/wp-content\/uploads\/2025\/11\/Logo-CASA-copia.png","contentUrl":"https:\/\/www.casaproductosdeapoyo.com\/wp-content\/uploads\/2025\/11\/Logo-CASA-copia.png","width":1920,"height":1080,"caption":"CASA Productos de apoyo"},"image":{"@id":"https:\/\/www.casaproductosdeapoyo.com\/#\/schema\/logo\/image\/"}}]}},"uagb_featured_image_src":{"full":false,"thumbnail":false,"medium":false,"medium_large":false,"large":false,"1536x1536":false,"2048x2048":false,"trp-custom-language-flag":false,"reykjavik-intro":false},"uagb_author_info":{"display_name":"admin","author_link":"https:\/\/www.casaproductosdeapoyo.com\/ca\/author\/admin\/"},"uagb_comment_info":0,"uagb_excerpt":"Seguir leyendo &ldquo;Productos&rdquo;&hellip;","_links":{"self":[{"href":"https:\/\/www.casaproductosdeapoyo.com\/ca\/wp-json\/wp\/v2\/pages\/156","targetHints":{"allow":["GET"]}}],"collection":[{"href":"https:\/\/www.casaproductosdeapoyo.com\/ca\/wp-json\/wp\/v2\/pages"}],"about":[{"href":"https:\/\/www.casaproductosdeapoyo.com\/ca\/wp-json\/wp\/v2\/types\/page"}],"author":[{"embeddable":true,"href":"https:\/\/www.casaproductosdeapoyo.com\/ca\/wp-json\/wp\/v2\/users\/1"}],"replies":[{"embeddable":true,"href":"https:\/\/www.casaproductosdeapoyo.com\/ca\/wp-json\/wp\/v2\/comments?post=156"}],"version-history":[{"count":72,"href":"https:\/\/www.casaproductosdeapoyo.com\/ca\/wp-json\/wp\/v2\/pages\/156\/revisions"}],"predecessor-version":[{"id":1348,"href":"https:\/\/www.casaproductosdeapoyo.com\/ca\/wp-json\/wp\/v2\/pages\/156\/revisions\/1348"}],"wp:attachment":[{"href":"https:\/\/www.casaproductosdeapoyo.com\/ca\/wp-json\/wp\/v2\/media?parent=156"}],"curies":[{"name":"wp","href":"https:\/\/api.w.org\/{rel}","templated":true}]}}