{"id":143,"date":"2019-07-24T14:09:07","date_gmt":"2019-07-24T12:09:07","guid":{"rendered":"https:\/\/www.casaproductosdeapoyo.com\/?page_id=143"},"modified":"2025-03-20T14:45:46","modified_gmt":"2025-03-20T13:45:46","slug":"atencion-a-domicilio","status":"publish","type":"page","link":"https:\/\/www.casaproductosdeapoyo.com\/ca\/servicios\/atencion-a-domicilio\/","title":{"rendered":"Atenci\u00f3 a domicili"},"content":{"rendered":"<section class=\"wp-block-uagb-section uagb-section__wrap uagb-section__background-undefined uagb-block-bf0a7ed1-d8f9-4fc9-8727-f59ef39f9bb7\"><div class=\"uagb-section__overlay\"><\/div><div class=\"uagb-section__inner-wrap\"><div class=\"align-wrap\" data-block=\"uagb-columns\" data-block-class=\"\">\n<section class=\"wp-block-uagb-columns uagb-columns__wrap uagb-columns__background-undefined uagb-columns__stack-mobile uagb-columns__valign-middle uagb-columns__gap-10 alignfull uagb-block-d5ba0073-2937-4170-b596-1f09791b62fd\"><div class=\"uagb-columns__overlay\"><\/div><div class=\"uagb-columns__inner-wrap uagb-columns__columns-2\">\n<div class=\"wp-block-uagb-column uagb-column__wrap uagb-column__background-undefined uagb-block-685fdd9b-75ff-4cee-a0cb-6dd758fc3e86\"><div class=\"uagb-column__overlay\"><\/div><div class=\"uagb-column__inner-wrap\">\n<figure class=\"wp-block-image is-resized\"><img loading=\"lazy\" decoding=\"async\" src=\"https:\/\/www.casaproductosdeapoyo.com\/wp-content\/uploads\/2024\/05\/domicilio-1-1024x683.jpg\" alt=\"\" class=\"wp-image-1383\" width=\"509\" height=\"339\" srcset=\"https:\/\/www.casaproductosdeapoyo.com\/wp-content\/uploads\/2024\/05\/domicilio-1-1024x683.jpg 1024w, https:\/\/www.casaproductosdeapoyo.com\/wp-content\/uploads\/2024\/05\/domicilio-1-300x200.jpg 300w, https:\/\/www.casaproductosdeapoyo.com\/wp-content\/uploads\/2024\/05\/domicilio-1-768x512.jpg 768w\" sizes=\"auto, (max-width: 509px) 100vw, 509px\" \/><\/figure>\n<\/div><\/div>\n\n\n\n<div class=\"wp-block-uagb-column uagb-column__wrap uagb-column__background-undefined uagb-block-40118ad1-d222-4eb8-b028-6c3b6a6f5ea2\"><div class=\"uagb-column__overlay\"><\/div><div class=\"uagb-column__inner-wrap\">\n<p class=\"has-text-color has-color-header-text-mod-color\">En cas que no et puguis despla\u00e7ar al nostre centre per problemes de mobilitat o per estar intern en un centre sociosanitari, un t\u00e8cnic ortopeda anir\u00e0 a visitar-te per veure en qu\u00e8 et podem ajudar. <\/p>\n\n\n\n<p class=\"has-text-color has-color-header-text-mod-color\">\n\nSi vols eliminar barreres arquitect\u00f2niques al teu habitatge, necessites productes de suport per millorar la teva autonomia o seguretat al bany, o sigui necessari con\u00e8ixer el teu domicili abans de recomanar-te qualsevol ajuda que millori la teva mobilitat o autonomia, un t\u00e8cnic especialista en accessibilitat i productes de suport es despla\u00e7ar\u00e0 a casa teva per buscar amb tu les millors solucions.\n\n<\/p>\n<\/div><\/div>\n<\/div><\/section>\n<\/div><\/div><\/section>","protected":false},"excerpt":{"rendered":"<div class=\"link-more\"><a href=\"https:\/\/www.casaproductosdeapoyo.com\/ca\/servicios\/atencion-a-domicilio\/\" class=\"more-link\">Seguir leyendo<span class=\"screen-reader-text\"> &ldquo;Atenci\u00f3n a domicilio&rdquo;<\/span>&hellip;<\/a><\/div>","protected":false},"author":1,"featured_media":0,"parent":130,"menu_order":0,"comment_status":"closed","ping_status":"closed","template":"","meta":{"_uag_custom_page_level_css":"","footnotes":""},"class_list":["post-143","page","type-page","status-publish","hentry","entry"],"yoast_head":"<!-- This site is optimized with the Yoast SEO plugin v27.6 - https:\/\/yoast.com\/product\/yoast-seo-wordpress\/ -->\n<title>Atenci\u00f3n a domicilio | CASA Productos de apoyo<\/title>\n<meta name=\"robots\" content=\"index, follow, max-snippet:-1, max-image-preview:large, max-video-preview:-1\" \/>\n<link rel=\"canonical\" href=\"https:\/\/www.casaproductosdeapoyo.com\/ca\/servicios\/atencion-a-domicilio\/\" \/>\n<meta property=\"og:locale\" content=\"ca_ES\" \/>\n<meta property=\"og:type\" content=\"article\" \/>\n<meta property=\"og:title\" content=\"Atenci\u00f3n a domicilio | CASA Productos de apoyo\" \/>\n<meta property=\"og:description\" content=\"Seguir leyendo &ldquo;Atenci\u00f3n a domicilio&rdquo;&hellip;\" \/>\n<meta property=\"og:url\" content=\"https:\/\/www.casaproductosdeapoyo.com\/ca\/servicios\/atencion-a-domicilio\/\" \/>\n<meta property=\"og:site_name\" content=\"CASA Productos de apoyo\" \/>\n<meta property=\"article:modified_time\" content=\"2025-03-20T13:45:46+00:00\" \/>\n<meta property=\"og:image\" content=\"https:\/\/www.casaproductosdeapoyo.com\/wp-content\/uploads\/2024\/05\/domicilio-1.jpg\" \/>\n\t<meta property=\"og:image:width\" content=\"5000\" \/>\n\t<meta property=\"og:image:height\" content=\"3333\" \/>\n\t<meta property=\"og:image:type\" content=\"image\/jpeg\" \/>\n<meta name=\"twitter:card\" content=\"summary_large_image\" \/>\n<script type=\"application\/ld+json\" class=\"yoast-schema-graph\">{\"@context\":\"https:\\\/\\\/schema.org\",\"@graph\":[{\"@type\":\"WebPage\",\"@id\":\"https:\\\/\\\/www.casaproductosdeapoyo.com\\\/ca\\\/servicios\\\/atencion-a-domicilio\\\/\",\"url\":\"https:\\\/\\\/www.casaproductosdeapoyo.com\\\/ca\\\/servicios\\\/atencion-a-domicilio\\\/\",\"name\":\"Atenci\u00f3n a domicilio | CASA Productos de apoyo\",\"isPartOf\":{\"@id\":\"https:\\\/\\\/www.casaproductosdeapoyo.com\\\/#website\"},\"primaryImageOfPage\":{\"@id\":\"https:\\\/\\\/www.casaproductosdeapoyo.com\\\/ca\\\/servicios\\\/atencion-a-domicilio\\\/#primaryimage\"},\"image\":{\"@id\":\"https:\\\/\\\/www.casaproductosdeapoyo.com\\\/ca\\\/servicios\\\/atencion-a-domicilio\\\/#primaryimage\"},\"thumbnailUrl\":\"https:\\\/\\\/www.casaproductosdeapoyo.com\\\/wp-content\\\/uploads\\\/2024\\\/05\\\/domicilio-1-1024x683.jpg\",\"datePublished\":\"2019-07-24T12:09:07+00:00\",\"dateModified\":\"2025-03-20T13:45:46+00:00\",\"breadcrumb\":{\"@id\":\"https:\\\/\\\/www.casaproductosdeapoyo.com\\\/ca\\\/servicios\\\/atencion-a-domicilio\\\/#breadcrumb\"},\"inLanguage\":\"ca\",\"potentialAction\":[{\"@type\":\"ReadAction\",\"target\":[\"https:\\\/\\\/www.casaproductosdeapoyo.com\\\/ca\\\/servicios\\\/atencion-a-domicilio\\\/\"]}]},{\"@type\":\"ImageObject\",\"inLanguage\":\"ca\",\"@id\":\"https:\\\/\\\/www.casaproductosdeapoyo.com\\\/ca\\\/servicios\\\/atencion-a-domicilio\\\/#primaryimage\",\"url\":\"https:\\\/\\\/www.casaproductosdeapoyo.com\\\/wp-content\\\/uploads\\\/2024\\\/05\\\/domicilio-1-1024x683.jpg\",\"contentUrl\":\"https:\\\/\\\/www.casaproductosdeapoyo.com\\\/wp-content\\\/uploads\\\/2024\\\/05\\\/domicilio-1-1024x683.jpg\"},{\"@type\":\"BreadcrumbList\",\"@id\":\"https:\\\/\\\/www.casaproductosdeapoyo.com\\\/ca\\\/servicios\\\/atencion-a-domicilio\\\/#breadcrumb\",\"itemListElement\":[{\"@type\":\"ListItem\",\"position\":1,\"name\":\"Portada\",\"item\":\"https:\\\/\\\/www.casaproductosdeapoyo.com\\\/\"},{\"@type\":\"ListItem\",\"position\":2,\"name\":\"Servicios\",\"item\":\"https:\\\/\\\/www.casaproductosdeapoyo.com\\\/servicios\\\/\"},{\"@type\":\"ListItem\",\"position\":3,\"name\":\"Atenci\u00f3n a domicilio\"}]},{\"@type\":\"WebSite\",\"@id\":\"https:\\\/\\\/www.casaproductosdeapoyo.com\\\/#website\",\"url\":\"https:\\\/\\\/www.casaproductosdeapoyo.com\\\/\",\"name\":\"CASA Productos de apoyo\",\"description\":\"Especialistas en accesibilidad, \u00f3rtesis y productos de apoyo\",\"publisher\":{\"@id\":\"https:\\\/\\\/www.casaproductosdeapoyo.com\\\/#organization\"},\"potentialAction\":[{\"@type\":\"SearchAction\",\"target\":{\"@type\":\"EntryPoint\",\"urlTemplate\":\"https:\\\/\\\/www.casaproductosdeapoyo.com\\\/?s={search_term_string}\"},\"query-input\":{\"@type\":\"PropertyValueSpecification\",\"valueRequired\":true,\"valueName\":\"search_term_string\"}}],\"inLanguage\":\"ca\"},{\"@type\":\"Organization\",\"@id\":\"https:\\\/\\\/www.casaproductosdeapoyo.com\\\/#organization\",\"name\":\"CASA Productos de apoyo\",\"url\":\"https:\\\/\\\/www.casaproductosdeapoyo.com\\\/\",\"logo\":{\"@type\":\"ImageObject\",\"inLanguage\":\"ca\",\"@id\":\"https:\\\/\\\/www.casaproductosdeapoyo.com\\\/#\\\/schema\\\/logo\\\/image\\\/\",\"url\":\"https:\\\/\\\/www.casaproductosdeapoyo.com\\\/wp-content\\\/uploads\\\/2025\\\/11\\\/Logo-CASA-copia.png\",\"contentUrl\":\"https:\\\/\\\/www.casaproductosdeapoyo.com\\\/wp-content\\\/uploads\\\/2025\\\/11\\\/Logo-CASA-copia.png\",\"width\":1920,\"height\":1080,\"caption\":\"CASA Productos de apoyo\"},\"image\":{\"@id\":\"https:\\\/\\\/www.casaproductosdeapoyo.com\\\/#\\\/schema\\\/logo\\\/image\\\/\"}}]}<\/script>\n<!-- \/ Yoast SEO plugin. -->","yoast_head_json":{"title":"Atenci\u00f3n a domicilio | CASA Productos de apoyo","robots":{"index":"index","follow":"follow","max-snippet":"max-snippet:-1","max-image-preview":"max-image-preview:large","max-video-preview":"max-video-preview:-1"},"canonical":"https:\/\/www.casaproductosdeapoyo.com\/ca\/servicios\/atencion-a-domicilio\/","og_locale":"ca_ES","og_type":"article","og_title":"Atenci\u00f3n a domicilio | CASA Productos de apoyo","og_description":"Seguir leyendo &ldquo;Atenci\u00f3n a domicilio&rdquo;&hellip;","og_url":"https:\/\/www.casaproductosdeapoyo.com\/ca\/servicios\/atencion-a-domicilio\/","og_site_name":"CASA Productos de apoyo","article_modified_time":"2025-03-20T13:45:46+00:00","og_image":[{"width":5000,"height":3333,"url":"https:\/\/www.casaproductosdeapoyo.com\/wp-content\/uploads\/2024\/05\/domicilio-1.jpg","type":"image\/jpeg"}],"twitter_card":"summary_large_image","schema":{"@context":"https:\/\/schema.org","@graph":[{"@type":"WebPage","@id":"https:\/\/www.casaproductosdeapoyo.com\/ca\/servicios\/atencion-a-domicilio\/","url":"https:\/\/www.casaproductosdeapoyo.com\/ca\/servicios\/atencion-a-domicilio\/","name":"Atenci\u00f3n a domicilio | CASA Productos de apoyo","isPartOf":{"@id":"https:\/\/www.casaproductosdeapoyo.com\/#website"},"primaryImageOfPage":{"@id":"https:\/\/www.casaproductosdeapoyo.com\/ca\/servicios\/atencion-a-domicilio\/#primaryimage"},"image":{"@id":"https:\/\/www.casaproductosdeapoyo.com\/ca\/servicios\/atencion-a-domicilio\/#primaryimage"},"thumbnailUrl":"https:\/\/www.casaproductosdeapoyo.com\/wp-content\/uploads\/2024\/05\/domicilio-1-1024x683.jpg","datePublished":"2019-07-24T12:09:07+00:00","dateModified":"2025-03-20T13:45:46+00:00","breadcrumb":{"@id":"https:\/\/www.casaproductosdeapoyo.com\/ca\/servicios\/atencion-a-domicilio\/#breadcrumb"},"inLanguage":"ca","potentialAction":[{"@type":"ReadAction","target":["https:\/\/www.casaproductosdeapoyo.com\/ca\/servicios\/atencion-a-domicilio\/"]}]},{"@type":"ImageObject","inLanguage":"ca","@id":"https:\/\/www.casaproductosdeapoyo.com\/ca\/servicios\/atencion-a-domicilio\/#primaryimage","url":"https:\/\/www.casaproductosdeapoyo.com\/wp-content\/uploads\/2024\/05\/domicilio-1-1024x683.jpg","contentUrl":"https:\/\/www.casaproductosdeapoyo.com\/wp-content\/uploads\/2024\/05\/domicilio-1-1024x683.jpg"},{"@type":"BreadcrumbList","@id":"https:\/\/www.casaproductosdeapoyo.com\/ca\/servicios\/atencion-a-domicilio\/#breadcrumb","itemListElement":[{"@type":"ListItem","position":1,"name":"Portada","item":"https:\/\/www.casaproductosdeapoyo.com\/"},{"@type":"ListItem","position":2,"name":"Servicios","item":"https:\/\/www.casaproductosdeapoyo.com\/servicios\/"},{"@type":"ListItem","position":3,"name":"Atenci\u00f3n a domicilio"}]},{"@type":"WebSite","@id":"https:\/\/www.casaproductosdeapoyo.com\/#website","url":"https:\/\/www.casaproductosdeapoyo.com\/","name":"CASA Productos de apoyo","description":"Especialistas en accesibilidad, \u00f3rtesis y productos de apoyo","publisher":{"@id":"https:\/\/www.casaproductosdeapoyo.com\/#organization"},"potentialAction":[{"@type":"SearchAction","target":{"@type":"EntryPoint","urlTemplate":"https:\/\/www.casaproductosdeapoyo.com\/?s={search_term_string}"},"query-input":{"@type":"PropertyValueSpecification","valueRequired":true,"valueName":"search_term_string"}}],"inLanguage":"ca"},{"@type":"Organization","@id":"https:\/\/www.casaproductosdeapoyo.com\/#organization","name":"CASA Productos de apoyo","url":"https:\/\/www.casaproductosdeapoyo.com\/","logo":{"@type":"ImageObject","inLanguage":"ca","@id":"https:\/\/www.casaproductosdeapoyo.com\/#\/schema\/logo\/image\/","url":"https:\/\/www.casaproductosdeapoyo.com\/wp-content\/uploads\/2025\/11\/Logo-CASA-copia.png","contentUrl":"https:\/\/www.casaproductosdeapoyo.com\/wp-content\/uploads\/2025\/11\/Logo-CASA-copia.png","width":1920,"height":1080,"caption":"CASA Productos de apoyo"},"image":{"@id":"https:\/\/www.casaproductosdeapoyo.com\/#\/schema\/logo\/image\/"}}]}},"uagb_featured_image_src":{"full":false,"thumbnail":false,"medium":false,"medium_large":false,"large":false,"1536x1536":false,"2048x2048":false,"trp-custom-language-flag":false,"reykjavik-intro":false},"uagb_author_info":{"display_name":"admin","author_link":"https:\/\/www.casaproductosdeapoyo.com\/ca\/author\/admin\/"},"uagb_comment_info":0,"uagb_excerpt":"Seguir leyendo &ldquo;Atenci\u00f3n a domicilio&rdquo;&hellip;","_links":{"self":[{"href":"https:\/\/www.casaproductosdeapoyo.com\/ca\/wp-json\/wp\/v2\/pages\/143","targetHints":{"allow":["GET"]}}],"collection":[{"href":"https:\/\/www.casaproductosdeapoyo.com\/ca\/wp-json\/wp\/v2\/pages"}],"about":[{"href":"https:\/\/www.casaproductosdeapoyo.com\/ca\/wp-json\/wp\/v2\/types\/page"}],"author":[{"embeddable":true,"href":"https:\/\/www.casaproductosdeapoyo.com\/ca\/wp-json\/wp\/v2\/users\/1"}],"replies":[{"embeddable":true,"href":"https:\/\/www.casaproductosdeapoyo.com\/ca\/wp-json\/wp\/v2\/comments?post=143"}],"version-history":[{"count":22,"href":"https:\/\/www.casaproductosdeapoyo.com\/ca\/wp-json\/wp\/v2\/pages\/143\/revisions"}],"predecessor-version":[{"id":1409,"href":"https:\/\/www.casaproductosdeapoyo.com\/ca\/wp-json\/wp\/v2\/pages\/143\/revisions\/1409"}],"up":[{"embeddable":true,"href":"https:\/\/www.casaproductosdeapoyo.com\/ca\/wp-json\/wp\/v2\/pages\/130"}],"wp:attachment":[{"href":"https:\/\/www.casaproductosdeapoyo.com\/ca\/wp-json\/wp\/v2\/media?parent=143"}],"curies":[{"name":"wp","href":"https:\/\/api.w.org\/{rel}","templated":true}]}}