{"id":132,"date":"2019-07-24T13:46:56","date_gmt":"2019-07-24T11:46:56","guid":{"rendered":"https:\/\/www.casaproductosdeapoyo.com\/?page_id=132"},"modified":"2025-03-20T14:44:30","modified_gmt":"2025-03-20T13:44:30","slug":"asesoramiento","status":"publish","type":"page","link":"https:\/\/www.casaproductosdeapoyo.com\/ca\/servicios\/asesoramiento\/","title":{"rendered":"Assessorament"},"content":{"rendered":"<div class=\"align-wrap\" data-block=\"uagb-columns\" data-block-class=\"\">\n<section class=\"wp-block-uagb-columns uagb-columns__wrap uagb-columns__background-undefined uagb-columns__stack-mobile uagb-columns__valign-undefined uagb-columns__gap-10 alignwide uagb-block-c396265f-8efb-4a87-8c58-339205095a3b\"><div class=\"uagb-columns__overlay\"><\/div><div class=\"uagb-columns__inner-wrap uagb-columns__columns-2\">\n<div class=\"wp-block-uagb-column uagb-column__wrap uagb-column__background-undefined uagb-block-962d9c56-c889-45cb-80ad-41eb301b35cd\"><div class=\"uagb-column__overlay\"><\/div><div class=\"uagb-column__inner-wrap\">\n<figure class=\"wp-block-image is-resized\"><img loading=\"lazy\" decoding=\"async\" src=\"https:\/\/www.casaproductosdeapoyo.com\/wp-content\/uploads\/2024\/05\/asesoramiento-1-1024x683.jpg\" alt=\"\" class=\"wp-image-1381\" width=\"487\" height=\"324\" srcset=\"https:\/\/www.casaproductosdeapoyo.com\/wp-content\/uploads\/2024\/05\/asesoramiento-1-1024x683.jpg 1024w, https:\/\/www.casaproductosdeapoyo.com\/wp-content\/uploads\/2024\/05\/asesoramiento-1-300x200.jpg 300w, https:\/\/www.casaproductosdeapoyo.com\/wp-content\/uploads\/2024\/05\/asesoramiento-1-768x512.jpg 768w\" sizes=\"auto, (max-width: 487px) 100vw, 487px\" \/><\/figure>\n<\/div><\/div>\n\n\n\n<div class=\"wp-block-uagb-column uagb-column__wrap uagb-column__background-undefined uagb-block-9db4dda0-b248-40ff-a805-4912e5db63c8\"><div class=\"uagb-column__overlay\"><\/div><div class=\"uagb-column__inner-wrap\">\n<p class=\"has-text-color has-color-header-text-mod-color\">Cada persona \u00e9s \u00fanica, amb unes caracter\u00edstiques i necessitats pr\u00f2pies, per la qual cosa en la intervenci\u00f3 des de CASA analitzarem cadascuna al detall, per oferir un servei individualitzat als nostres clients.  <\/p>\n\n\n\n<p class=\"has-text-color has-color-header-text-mod-color\"> Explica'ns el teu problema. \u00danicament coneixent-te, sabent de les teves necessitats, les del teu entorn i cuidadors, et sabrem oferir la millor soluci\u00f3.<\/p>\n\n\n\n<p class=\"has-text-color has-color-header-text-mod-color\">Sempre seguim les prescripcions i recomanacions dels professionals que us envolten i ens coordinem amb ells perqu\u00e8 la soluci\u00f3 que us oferim s'ajusti als vostres objectius.  <\/p>\n\n\n\n<p class=\"has-text-color has-color-header-text-mod-color\">\u00danicament fent aquest treball interdisciplinar aconseguirem que la soluci\u00f3 que aportem sigui la m\u00e9s encertada per a tu. <\/p>\n\n\n\n<p class=\"has-text-color has-color-header-text-mod-color\">Per aconseguir el millor producte de suport per a cada cas, cal fer una valoraci\u00f3 exhaustiva i precisa de les teves necessitats. <\/p>\n<\/div><\/div>\n<\/div><\/section>\n<\/div>","protected":false},"excerpt":{"rendered":"<div class=\"entry-summary\">\nCada persona es \u00fanica, con unas caracter\u00edsticas y necesidades propias, por lo que en la intervenci\u00f3n desde CASA analizaremos cada una de ellas al detalle, para ofrecer un servicio individualizado a nuestros clientes. Cu\u00e9ntanos tu problema. \u00danicamente conoci\u00e9ndote, sabiendo de&hellip;\n<\/div>\n<div class=\"link-more\"><a href=\"https:\/\/www.casaproductosdeapoyo.com\/ca\/servicios\/asesoramiento\/\" class=\"more-link\">Seguir leyendo<span class=\"screen-reader-text\"> &ldquo;Asesoramiento&rdquo;<\/span>&hellip;<\/a><\/div>","protected":false},"author":1,"featured_media":0,"parent":130,"menu_order":0,"comment_status":"closed","ping_status":"closed","template":"","meta":{"_uag_custom_page_level_css":"","footnotes":""},"class_list":["post-132","page","type-page","status-publish","hentry","entry"],"yoast_head":"<!-- This site is optimized with the Yoast SEO plugin v27.6 - https:\/\/yoast.com\/product\/yoast-seo-wordpress\/ -->\n<title>Asesoramiento | CASA Productos de apoyo<\/title>\n<meta name=\"robots\" content=\"index, follow, max-snippet:-1, max-image-preview:large, max-video-preview:-1\" \/>\n<link rel=\"canonical\" href=\"https:\/\/www.casaproductosdeapoyo.com\/ca\/servicios\/asesoramiento\/\" \/>\n<meta property=\"og:locale\" content=\"ca_ES\" \/>\n<meta property=\"og:type\" content=\"article\" \/>\n<meta property=\"og:title\" content=\"Asesoramiento | CASA Productos de apoyo\" \/>\n<meta property=\"og:description\" content=\"Cada persona es \u00fanica, con unas caracter\u00edsticas y necesidades propias, por lo que en la intervenci\u00f3n desde CASA analizaremos cada una de ellas al detalle, para ofrecer un servicio individualizado a nuestros clientes. Cu\u00e9ntanos tu problema. \u00danicamente conoci\u00e9ndote, sabiendo de&hellip; Seguir leyendo &ldquo;Asesoramiento&rdquo;&hellip;\" \/>\n<meta property=\"og:url\" content=\"https:\/\/www.casaproductosdeapoyo.com\/ca\/servicios\/asesoramiento\/\" \/>\n<meta property=\"og:site_name\" content=\"CASA Productos de apoyo\" \/>\n<meta property=\"article:modified_time\" content=\"2025-03-20T13:44:30+00:00\" \/>\n<meta property=\"og:image\" content=\"https:\/\/www.casaproductosdeapoyo.com\/wp-content\/uploads\/2024\/05\/asesoramiento-1.jpg\" \/>\n\t<meta property=\"og:image:width\" content=\"6000\" \/>\n\t<meta property=\"og:image:height\" content=\"4000\" \/>\n\t<meta property=\"og:image:type\" content=\"image\/jpeg\" \/>\n<meta name=\"twitter:card\" content=\"summary_large_image\" \/>\n<meta name=\"twitter:label1\" content=\"Temps estimat de lectura\" \/>\n\t<meta name=\"twitter:data1\" content=\"1 minut\" \/>\n<script type=\"application\/ld+json\" class=\"yoast-schema-graph\">{\"@context\":\"https:\\\/\\\/schema.org\",\"@graph\":[{\"@type\":\"WebPage\",\"@id\":\"https:\\\/\\\/www.casaproductosdeapoyo.com\\\/ca\\\/servicios\\\/asesoramiento\\\/\",\"url\":\"https:\\\/\\\/www.casaproductosdeapoyo.com\\\/ca\\\/servicios\\\/asesoramiento\\\/\",\"name\":\"Asesoramiento | CASA Productos de apoyo\",\"isPartOf\":{\"@id\":\"https:\\\/\\\/www.casaproductosdeapoyo.com\\\/#website\"},\"primaryImageOfPage\":{\"@id\":\"https:\\\/\\\/www.casaproductosdeapoyo.com\\\/ca\\\/servicios\\\/asesoramiento\\\/#primaryimage\"},\"image\":{\"@id\":\"https:\\\/\\\/www.casaproductosdeapoyo.com\\\/ca\\\/servicios\\\/asesoramiento\\\/#primaryimage\"},\"thumbnailUrl\":\"https:\\\/\\\/www.casaproductosdeapoyo.com\\\/wp-content\\\/uploads\\\/2024\\\/05\\\/asesoramiento-1-1024x683.jpg\",\"datePublished\":\"2019-07-24T11:46:56+00:00\",\"dateModified\":\"2025-03-20T13:44:30+00:00\",\"breadcrumb\":{\"@id\":\"https:\\\/\\\/www.casaproductosdeapoyo.com\\\/ca\\\/servicios\\\/asesoramiento\\\/#breadcrumb\"},\"inLanguage\":\"ca\",\"potentialAction\":[{\"@type\":\"ReadAction\",\"target\":[\"https:\\\/\\\/www.casaproductosdeapoyo.com\\\/ca\\\/servicios\\\/asesoramiento\\\/\"]}]},{\"@type\":\"ImageObject\",\"inLanguage\":\"ca\",\"@id\":\"https:\\\/\\\/www.casaproductosdeapoyo.com\\\/ca\\\/servicios\\\/asesoramiento\\\/#primaryimage\",\"url\":\"https:\\\/\\\/www.casaproductosdeapoyo.com\\\/wp-content\\\/uploads\\\/2024\\\/05\\\/asesoramiento-1-1024x683.jpg\",\"contentUrl\":\"https:\\\/\\\/www.casaproductosdeapoyo.com\\\/wp-content\\\/uploads\\\/2024\\\/05\\\/asesoramiento-1-1024x683.jpg\"},{\"@type\":\"BreadcrumbList\",\"@id\":\"https:\\\/\\\/www.casaproductosdeapoyo.com\\\/ca\\\/servicios\\\/asesoramiento\\\/#breadcrumb\",\"itemListElement\":[{\"@type\":\"ListItem\",\"position\":1,\"name\":\"Portada\",\"item\":\"https:\\\/\\\/www.casaproductosdeapoyo.com\\\/\"},{\"@type\":\"ListItem\",\"position\":2,\"name\":\"Servicios\",\"item\":\"https:\\\/\\\/www.casaproductosdeapoyo.com\\\/servicios\\\/\"},{\"@type\":\"ListItem\",\"position\":3,\"name\":\"Asesoramiento\"}]},{\"@type\":\"WebSite\",\"@id\":\"https:\\\/\\\/www.casaproductosdeapoyo.com\\\/#website\",\"url\":\"https:\\\/\\\/www.casaproductosdeapoyo.com\\\/\",\"name\":\"CASA Productos de apoyo\",\"description\":\"Especialistas en accesibilidad, \u00f3rtesis y productos de apoyo\",\"publisher\":{\"@id\":\"https:\\\/\\\/www.casaproductosdeapoyo.com\\\/#organization\"},\"potentialAction\":[{\"@type\":\"SearchAction\",\"target\":{\"@type\":\"EntryPoint\",\"urlTemplate\":\"https:\\\/\\\/www.casaproductosdeapoyo.com\\\/?s={search_term_string}\"},\"query-input\":{\"@type\":\"PropertyValueSpecification\",\"valueRequired\":true,\"valueName\":\"search_term_string\"}}],\"inLanguage\":\"ca\"},{\"@type\":\"Organization\",\"@id\":\"https:\\\/\\\/www.casaproductosdeapoyo.com\\\/#organization\",\"name\":\"CASA Productos de apoyo\",\"url\":\"https:\\\/\\\/www.casaproductosdeapoyo.com\\\/\",\"logo\":{\"@type\":\"ImageObject\",\"inLanguage\":\"ca\",\"@id\":\"https:\\\/\\\/www.casaproductosdeapoyo.com\\\/#\\\/schema\\\/logo\\\/image\\\/\",\"url\":\"https:\\\/\\\/www.casaproductosdeapoyo.com\\\/wp-content\\\/uploads\\\/2025\\\/11\\\/Logo-CASA-copia.png\",\"contentUrl\":\"https:\\\/\\\/www.casaproductosdeapoyo.com\\\/wp-content\\\/uploads\\\/2025\\\/11\\\/Logo-CASA-copia.png\",\"width\":1920,\"height\":1080,\"caption\":\"CASA Productos de apoyo\"},\"image\":{\"@id\":\"https:\\\/\\\/www.casaproductosdeapoyo.com\\\/#\\\/schema\\\/logo\\\/image\\\/\"}}]}<\/script>\n<!-- \/ Yoast SEO plugin. -->","yoast_head_json":{"title":"Asesoramiento | CASA Productos de apoyo","robots":{"index":"index","follow":"follow","max-snippet":"max-snippet:-1","max-image-preview":"max-image-preview:large","max-video-preview":"max-video-preview:-1"},"canonical":"https:\/\/www.casaproductosdeapoyo.com\/ca\/servicios\/asesoramiento\/","og_locale":"ca_ES","og_type":"article","og_title":"Asesoramiento | CASA Productos de apoyo","og_description":"Cada persona es \u00fanica, con unas caracter\u00edsticas y necesidades propias, por lo que en la intervenci\u00f3n desde CASA analizaremos cada una de ellas al detalle, para ofrecer un servicio individualizado a nuestros clientes. Cu\u00e9ntanos tu problema. \u00danicamente conoci\u00e9ndote, sabiendo de&hellip; Seguir leyendo &ldquo;Asesoramiento&rdquo;&hellip;","og_url":"https:\/\/www.casaproductosdeapoyo.com\/ca\/servicios\/asesoramiento\/","og_site_name":"CASA Productos de apoyo","article_modified_time":"2025-03-20T13:44:30+00:00","og_image":[{"width":6000,"height":4000,"url":"https:\/\/www.casaproductosdeapoyo.com\/wp-content\/uploads\/2024\/05\/asesoramiento-1.jpg","type":"image\/jpeg"}],"twitter_card":"summary_large_image","twitter_misc":{"Temps estimat de lectura":"1 minut"},"schema":{"@context":"https:\/\/schema.org","@graph":[{"@type":"WebPage","@id":"https:\/\/www.casaproductosdeapoyo.com\/ca\/servicios\/asesoramiento\/","url":"https:\/\/www.casaproductosdeapoyo.com\/ca\/servicios\/asesoramiento\/","name":"Asesoramiento | CASA Productos de apoyo","isPartOf":{"@id":"https:\/\/www.casaproductosdeapoyo.com\/#website"},"primaryImageOfPage":{"@id":"https:\/\/www.casaproductosdeapoyo.com\/ca\/servicios\/asesoramiento\/#primaryimage"},"image":{"@id":"https:\/\/www.casaproductosdeapoyo.com\/ca\/servicios\/asesoramiento\/#primaryimage"},"thumbnailUrl":"https:\/\/www.casaproductosdeapoyo.com\/wp-content\/uploads\/2024\/05\/asesoramiento-1-1024x683.jpg","datePublished":"2019-07-24T11:46:56+00:00","dateModified":"2025-03-20T13:44:30+00:00","breadcrumb":{"@id":"https:\/\/www.casaproductosdeapoyo.com\/ca\/servicios\/asesoramiento\/#breadcrumb"},"inLanguage":"ca","potentialAction":[{"@type":"ReadAction","target":["https:\/\/www.casaproductosdeapoyo.com\/ca\/servicios\/asesoramiento\/"]}]},{"@type":"ImageObject","inLanguage":"ca","@id":"https:\/\/www.casaproductosdeapoyo.com\/ca\/servicios\/asesoramiento\/#primaryimage","url":"https:\/\/www.casaproductosdeapoyo.com\/wp-content\/uploads\/2024\/05\/asesoramiento-1-1024x683.jpg","contentUrl":"https:\/\/www.casaproductosdeapoyo.com\/wp-content\/uploads\/2024\/05\/asesoramiento-1-1024x683.jpg"},{"@type":"BreadcrumbList","@id":"https:\/\/www.casaproductosdeapoyo.com\/ca\/servicios\/asesoramiento\/#breadcrumb","itemListElement":[{"@type":"ListItem","position":1,"name":"Portada","item":"https:\/\/www.casaproductosdeapoyo.com\/"},{"@type":"ListItem","position":2,"name":"Servicios","item":"https:\/\/www.casaproductosdeapoyo.com\/servicios\/"},{"@type":"ListItem","position":3,"name":"Asesoramiento"}]},{"@type":"WebSite","@id":"https:\/\/www.casaproductosdeapoyo.com\/#website","url":"https:\/\/www.casaproductosdeapoyo.com\/","name":"CASA Productos de apoyo","description":"Especialistas en accesibilidad, \u00f3rtesis y productos de apoyo","publisher":{"@id":"https:\/\/www.casaproductosdeapoyo.com\/#organization"},"potentialAction":[{"@type":"SearchAction","target":{"@type":"EntryPoint","urlTemplate":"https:\/\/www.casaproductosdeapoyo.com\/?s={search_term_string}"},"query-input":{"@type":"PropertyValueSpecification","valueRequired":true,"valueName":"search_term_string"}}],"inLanguage":"ca"},{"@type":"Organization","@id":"https:\/\/www.casaproductosdeapoyo.com\/#organization","name":"CASA Productos de apoyo","url":"https:\/\/www.casaproductosdeapoyo.com\/","logo":{"@type":"ImageObject","inLanguage":"ca","@id":"https:\/\/www.casaproductosdeapoyo.com\/#\/schema\/logo\/image\/","url":"https:\/\/www.casaproductosdeapoyo.com\/wp-content\/uploads\/2025\/11\/Logo-CASA-copia.png","contentUrl":"https:\/\/www.casaproductosdeapoyo.com\/wp-content\/uploads\/2025\/11\/Logo-CASA-copia.png","width":1920,"height":1080,"caption":"CASA Productos de apoyo"},"image":{"@id":"https:\/\/www.casaproductosdeapoyo.com\/#\/schema\/logo\/image\/"}}]}},"uagb_featured_image_src":{"full":false,"thumbnail":false,"medium":false,"medium_large":false,"large":false,"1536x1536":false,"2048x2048":false,"trp-custom-language-flag":false,"reykjavik-intro":false},"uagb_author_info":{"display_name":"admin","author_link":"https:\/\/www.casaproductosdeapoyo.com\/ca\/author\/admin\/"},"uagb_comment_info":0,"uagb_excerpt":"Cada persona es \u00fanica, con unas caracter\u00edsticas y necesidades propias, por lo que en la intervenci\u00f3n desde CASA analizaremos cada una de ellas al detalle, para ofrecer un servicio individualizado a nuestros clientes. Cu\u00e9ntanos tu problema. \u00danicamente conoci\u00e9ndote, sabiendo de&hellip; Seguir leyendo &ldquo;Asesoramiento&rdquo;&hellip;","_links":{"self":[{"href":"https:\/\/www.casaproductosdeapoyo.com\/ca\/wp-json\/wp\/v2\/pages\/132","targetHints":{"allow":["GET"]}}],"collection":[{"href":"https:\/\/www.casaproductosdeapoyo.com\/ca\/wp-json\/wp\/v2\/pages"}],"about":[{"href":"https:\/\/www.casaproductosdeapoyo.com\/ca\/wp-json\/wp\/v2\/types\/page"}],"author":[{"embeddable":true,"href":"https:\/\/www.casaproductosdeapoyo.com\/ca\/wp-json\/wp\/v2\/users\/1"}],"replies":[{"embeddable":true,"href":"https:\/\/www.casaproductosdeapoyo.com\/ca\/wp-json\/wp\/v2\/comments?post=132"}],"version-history":[{"count":19,"href":"https:\/\/www.casaproductosdeapoyo.com\/ca\/wp-json\/wp\/v2\/pages\/132\/revisions"}],"predecessor-version":[{"id":1408,"href":"https:\/\/www.casaproductosdeapoyo.com\/ca\/wp-json\/wp\/v2\/pages\/132\/revisions\/1408"}],"up":[{"embeddable":true,"href":"https:\/\/www.casaproductosdeapoyo.com\/ca\/wp-json\/wp\/v2\/pages\/130"}],"wp:attachment":[{"href":"https:\/\/www.casaproductosdeapoyo.com\/ca\/wp-json\/wp\/v2\/media?parent=132"}],"curies":[{"name":"wp","href":"https:\/\/api.w.org\/{rel}","templated":true}]}}