{"id":105,"date":"2019-07-24T11:35:21","date_gmt":"2019-07-24T09:35:21","guid":{"rendered":"https:\/\/www.casaproductosdeapoyo.com\/?page_id=105"},"modified":"2019-07-25T12:32:18","modified_gmt":"2019-07-25T10:32:18","slug":"actualidad","status":"publish","type":"page","link":"https:\/\/www.casaproductosdeapoyo.com\/ca\/actualidad\/","title":{"rendered":"Actualidad"},"content":{"rendered":"<div class=\"align-wrap\" data-block=\"uagb-section\" data-block-class=\"page-actualidad\">\n<section class=\"wp-block-uagb-section uagb-section__wrap uagb-section__background-undefined alignwide page-actualidad\" id=\"uagb-section-aa788b5b-1d10-49a7-af46-a50085dd0c44\"><div class=\"uagb-section__overlay\"><\/div><div class=\"uagb-section__inner-wrap\"><div class=\"pt-cv-wrapper\"><div class=\"pt-cv-view pt-cv-grid pt-cv-colsys\" id=\"pt-cv-view-662e022ltx\"><div data-id=\"pt-cv-page-1\" class=\"pt-cv-page\" data-cvc=\"1\"><div class=\"col-md-12 col-sm-12 col-xs-12 pt-cv-content-item pt-cv-2-col\" ><div class='pt-cv-ifield'><div class=\"pt-cv-meta-fields\"><span class=\"entry-date\"> <time datetime=\"2020-05-11T09:00:51+02:00\">11 maig, 2020<\/time><\/span><\/div>\n<a href=\"https:\/\/www.casaproductosdeapoyo.com\/ca\/ortopedia-ceteo-inaugura-su-pagina-web\/\" class=\"_self pt-cv-href-thumbnail pt-cv-thumb-left\" target=\"_self\" ><img loading=\"lazy\" decoding=\"async\" width=\"300\" height=\"159\" src=\"https:\/\/www.casaproductosdeapoyo.com\/wp-content\/uploads\/2020\/04\/inauguracion-web-300x159.jpg\" class=\"pt-cv-thumbnail pull-left\" alt=\"Chica delante de un ordenador\" srcset=\"https:\/\/www.casaproductosdeapoyo.com\/wp-content\/uploads\/2020\/04\/inauguracion-web-300x159.jpg 300w, https:\/\/www.casaproductosdeapoyo.com\/wp-content\/uploads\/2020\/04\/inauguracion-web-768x408.jpg 768w, https:\/\/www.casaproductosdeapoyo.com\/wp-content\/uploads\/2020\/04\/inauguracion-web.jpg 810w\" sizes=\"auto, (max-width: 300px) 100vw, 300px\" \/><\/a>\n<h2 class=\"pt-cv-title\"><a href=\"https:\/\/www.casaproductosdeapoyo.com\/ca\/ortopedia-ceteo-inaugura-su-pagina-web\/\" class=\"_self\" target=\"_self\" >Ortopedia CETEO inaugura su p\u00e1gina web<\/a><\/h2>\n<div class=\"pt-cv-content\">Desde el equipo de Ortopedia CETEO estamos encantadas de presentar nuestra nueva p\u00e1gina web, para acercar a todos los clientes y personas interesadas nuestros productos y servicios, de una forma completamente accesible. En este espacio podr\u00e9is encontrar informaci\u00f3n sobre qui\u00e9nes somos y c\u00f3mo trabajos, los servicios que os podemos ofrecer ...<br \/><a href=\"https:\/\/www.casaproductosdeapoyo.com\/ca\/ortopedia-ceteo-inaugura-su-pagina-web\/\" class=\"_self pt-cv-readmore btn btn-success\" target=\"_self\">Leer M\u00e1s<\/a><\/div><\/div><\/div>\n<div class=\"col-md-12 col-sm-12 col-xs-12 pt-cv-content-item pt-cv-2-col\" ><div class='pt-cv-ifield'><div class=\"pt-cv-meta-fields\"><span class=\"entry-date\"> <time datetime=\"2020-04-03T09:07:15+02:00\">3 abril, 2020<\/time><\/span><\/div>\n<a href=\"https:\/\/www.casaproductosdeapoyo.com\/ca\/utilizacion-de-mascarillas-en-tiempos-del-covid-19\/\" class=\"_self pt-cv-href-thumbnail pt-cv-thumb-left\" target=\"_self\" ><img loading=\"lazy\" decoding=\"async\" width=\"300\" height=\"159\" src=\"https:\/\/www.casaproductosdeapoyo.com\/wp-content\/uploads\/2020\/04\/mascarillas-300x159.jpg\" class=\"pt-cv-thumbnail pull-left\" alt=\"Hombre con una mascarilla\" srcset=\"https:\/\/www.casaproductosdeapoyo.com\/wp-content\/uploads\/2020\/04\/mascarillas-300x159.jpg 300w, https:\/\/www.casaproductosdeapoyo.com\/wp-content\/uploads\/2020\/04\/mascarillas-768x408.jpg 768w, https:\/\/www.casaproductosdeapoyo.com\/wp-content\/uploads\/2020\/04\/mascarillas.jpg 810w\" sizes=\"auto, (max-width: 300px) 100vw, 300px\" \/><\/a>\n<h2 class=\"pt-cv-title\"><a href=\"https:\/\/www.casaproductosdeapoyo.com\/ca\/utilizacion-de-mascarillas-en-tiempos-del-covid-19\/\" class=\"_self\" target=\"_self\" >Utilizaci\u00f3n de mascarillas en tiempos del COVID-19<\/a><\/h2>\n<div class=\"pt-cv-content\">Ante la pr\u00f3xima \u201cdesescalada\u201d que anuncia el gobierno con la que poco a poco iremos incorpor\u00e1ndonos a nuestros puestos de trabajo y salir a la calle, nos hablan, tras el cambio de criterio de la OMS, del beneficio de usar mascarilla tanto para prevenir contagios como para evitar contagiar en ...<br \/><a href=\"https:\/\/www.casaproductosdeapoyo.com\/ca\/utilizacion-de-mascarillas-en-tiempos-del-covid-19\/\" class=\"_self pt-cv-readmore btn btn-success\" target=\"_self\">Leer M\u00e1s<\/a><\/div><\/div><\/div>\n<div class=\"col-md-12 col-sm-12 col-xs-12 pt-cv-content-item pt-cv-2-col\" ><div class='pt-cv-ifield'><div class=\"pt-cv-meta-fields\"><span class=\"entry-date\"> <time datetime=\"2020-03-15T09:32:45+01:00\">15 mar\u00e7, 2020<\/time><\/span><\/div>\n<a href=\"https:\/\/www.casaproductosdeapoyo.com\/ca\/servicios-de-ortopedia-ceteo-durante-el-estado-de-alarma\/\" class=\"_self pt-cv-href-thumbnail pt-cv-thumb-left\" target=\"_self\" ><img loading=\"lazy\" decoding=\"async\" width=\"300\" height=\"159\" src=\"https:\/\/www.casaproductosdeapoyo.com\/wp-content\/uploads\/2020\/04\/quedateencasa-300x159.jpg\" class=\"pt-cv-thumbnail pull-left\" alt=\"Servicios durante el estado de alarma #Qu\u00e9dateencasa\" srcset=\"https:\/\/www.casaproductosdeapoyo.com\/wp-content\/uploads\/2020\/04\/quedateencasa-300x159.jpg 300w, https:\/\/www.casaproductosdeapoyo.com\/wp-content\/uploads\/2020\/04\/quedateencasa-768x408.jpg 768w, https:\/\/www.casaproductosdeapoyo.com\/wp-content\/uploads\/2020\/04\/quedateencasa.jpg 810w\" sizes=\"auto, (max-width: 300px) 100vw, 300px\" \/><\/a>\n<h2 class=\"pt-cv-title\"><a href=\"https:\/\/www.casaproductosdeapoyo.com\/ca\/servicios-de-ortopedia-ceteo-durante-el-estado-de-alarma\/\" class=\"_self\" target=\"_self\" >Servicios de ortopedia CETEO durante el estado de alarma<\/a><\/h2>\n<div class=\"pt-cv-content\">El equipo Ortopedia CETEO trabajos tambi\u00e9n durante este periodo de estado de alarma, para poder dar servicio de urgencia a todos los clientes que lo precisen. Estamos a vuestra disposici\u00f3n para, si fuera necesario, acudir vuestros domicilios, con las medidas de protecci\u00f3n adecuadas, con el fin de solucionar aver\u00edas en ...<br \/><a href=\"https:\/\/www.casaproductosdeapoyo.com\/ca\/servicios-de-ortopedia-ceteo-durante-el-estado-de-alarma\/\" class=\"_self pt-cv-readmore btn btn-success\" target=\"_self\">Leer M\u00e1s<\/a><\/div><\/div><\/div><\/div><\/div><\/div>\n<\/div><\/section>\n<\/div>","protected":false},"excerpt":{"rendered":"<div class=\"link-more\"><a href=\"https:\/\/www.casaproductosdeapoyo.com\/ca\/actualidad\/\" class=\"more-link\">Seguir leyendo<span class=\"screen-reader-text\"> &ldquo;Actualidad&rdquo;<\/span>&hellip;<\/a><\/div>","protected":false},"author":1,"featured_media":0,"parent":0,"menu_order":0,"comment_status":"closed","ping_status":"closed","template":"templates\/sidebar.php","meta":{"footnotes":""},"class_list":["post-105","page","type-page","status-publish","hentry","entry"],"yoast_head":"<!-- This site is optimized with the Yoast SEO plugin v26.7 - https:\/\/yoast.com\/wordpress\/plugins\/seo\/ -->\n<title>Actualidad | CASA Productos de apoyo<\/title>\n<meta name=\"robots\" content=\"index, follow, max-snippet:-1, max-image-preview:large, max-video-preview:-1\" \/>\n<link rel=\"canonical\" href=\"https:\/\/www.casaproductosdeapoyo.com\/ca\/actualidad\/\" \/>\n<meta property=\"og:locale\" content=\"ca_ES\" \/>\n<meta property=\"og:type\" content=\"article\" \/>\n<meta property=\"og:title\" content=\"Actualidad | CASA Productos de apoyo\" \/>\n<meta property=\"og:description\" content=\"Seguir leyendo &ldquo;Actualidad&rdquo;&hellip;\" \/>\n<meta property=\"og:url\" content=\"https:\/\/www.casaproductosdeapoyo.com\/ca\/actualidad\/\" \/>\n<meta property=\"og:site_name\" content=\"CASA Productos de apoyo\" \/>\n<meta property=\"article:modified_time\" content=\"2019-07-25T10:32:18+00:00\" \/>\n<meta property=\"og:image\" content=\"https:\/\/www.casaproductosdeapoyo.com\/wp-content\/uploads\/2025\/11\/Logo-CASA-copia.png\" \/>\n\t<meta property=\"og:image:width\" content=\"1920\" \/>\n\t<meta property=\"og:image:height\" content=\"1080\" \/>\n\t<meta property=\"og:image:type\" content=\"image\/png\" \/>\n<meta name=\"twitter:card\" content=\"summary_large_image\" \/>\n<script type=\"application\/ld+json\" class=\"yoast-schema-graph\">{\"@context\":\"https:\/\/schema.org\",\"@graph\":[{\"@type\":\"WebPage\",\"@id\":\"https:\/\/www.casaproductosdeapoyo.com\/actualidad\/\",\"url\":\"https:\/\/www.casaproductosdeapoyo.com\/actualidad\/\",\"name\":\"Actualidad | CASA Productos de apoyo\",\"isPartOf\":{\"@id\":\"https:\/\/www.casaproductosdeapoyo.com\/#website\"},\"datePublished\":\"2019-07-24T09:35:21+00:00\",\"dateModified\":\"2019-07-25T10:32:18+00:00\",\"breadcrumb\":{\"@id\":\"https:\/\/www.casaproductosdeapoyo.com\/actualidad\/#breadcrumb\"},\"inLanguage\":\"ca\",\"potentialAction\":[{\"@type\":\"ReadAction\",\"target\":[\"https:\/\/www.casaproductosdeapoyo.com\/actualidad\/\"]}]},{\"@type\":\"BreadcrumbList\",\"@id\":\"https:\/\/www.casaproductosdeapoyo.com\/actualidad\/#breadcrumb\",\"itemListElement\":[{\"@type\":\"ListItem\",\"position\":1,\"name\":\"Portada\",\"item\":\"https:\/\/www.casaproductosdeapoyo.com\/\"},{\"@type\":\"ListItem\",\"position\":2,\"name\":\"Actualidad\"}]},{\"@type\":\"WebSite\",\"@id\":\"https:\/\/www.casaproductosdeapoyo.com\/#website\",\"url\":\"https:\/\/www.casaproductosdeapoyo.com\/\",\"name\":\"CASA Productos de apoyo\",\"description\":\"Especialistas en accesibilidad, \u00f3rtesis y productos de apoyo\",\"publisher\":{\"@id\":\"https:\/\/www.casaproductosdeapoyo.com\/#organization\"},\"potentialAction\":[{\"@type\":\"SearchAction\",\"target\":{\"@type\":\"EntryPoint\",\"urlTemplate\":\"https:\/\/www.casaproductosdeapoyo.com\/?s={search_term_string}\"},\"query-input\":{\"@type\":\"PropertyValueSpecification\",\"valueRequired\":true,\"valueName\":\"search_term_string\"}}],\"inLanguage\":\"ca\"},{\"@type\":\"Organization\",\"@id\":\"https:\/\/www.casaproductosdeapoyo.com\/#organization\",\"name\":\"CASA Productos de apoyo\",\"url\":\"https:\/\/www.casaproductosdeapoyo.com\/\",\"logo\":{\"@type\":\"ImageObject\",\"inLanguage\":\"ca\",\"@id\":\"https:\/\/www.casaproductosdeapoyo.com\/#\/schema\/logo\/image\/\",\"url\":\"https:\/\/www.casaproductosdeapoyo.com\/wp-content\/uploads\/2025\/11\/Logo-CASA-copia.png\",\"contentUrl\":\"https:\/\/www.casaproductosdeapoyo.com\/wp-content\/uploads\/2025\/11\/Logo-CASA-copia.png\",\"width\":1920,\"height\":1080,\"caption\":\"CASA Productos de apoyo\"},\"image\":{\"@id\":\"https:\/\/www.casaproductosdeapoyo.com\/#\/schema\/logo\/image\/\"}}]}<\/script>\n<!-- \/ Yoast SEO plugin. -->","yoast_head_json":{"title":"Actualidad | CASA Productos de apoyo","robots":{"index":"index","follow":"follow","max-snippet":"max-snippet:-1","max-image-preview":"max-image-preview:large","max-video-preview":"max-video-preview:-1"},"canonical":"https:\/\/www.casaproductosdeapoyo.com\/ca\/actualidad\/","og_locale":"ca_ES","og_type":"article","og_title":"Actualidad | CASA Productos de apoyo","og_description":"Seguir leyendo &ldquo;Actualidad&rdquo;&hellip;","og_url":"https:\/\/www.casaproductosdeapoyo.com\/ca\/actualidad\/","og_site_name":"CASA Productos de apoyo","article_modified_time":"2019-07-25T10:32:18+00:00","og_image":[{"width":1920,"height":1080,"url":"https:\/\/www.casaproductosdeapoyo.com\/wp-content\/uploads\/2025\/11\/Logo-CASA-copia.png","type":"image\/png"}],"twitter_card":"summary_large_image","schema":{"@context":"https:\/\/schema.org","@graph":[{"@type":"WebPage","@id":"https:\/\/www.casaproductosdeapoyo.com\/actualidad\/","url":"https:\/\/www.casaproductosdeapoyo.com\/actualidad\/","name":"Actualidad | CASA Productos de apoyo","isPartOf":{"@id":"https:\/\/www.casaproductosdeapoyo.com\/#website"},"datePublished":"2019-07-24T09:35:21+00:00","dateModified":"2019-07-25T10:32:18+00:00","breadcrumb":{"@id":"https:\/\/www.casaproductosdeapoyo.com\/actualidad\/#breadcrumb"},"inLanguage":"ca","potentialAction":[{"@type":"ReadAction","target":["https:\/\/www.casaproductosdeapoyo.com\/actualidad\/"]}]},{"@type":"BreadcrumbList","@id":"https:\/\/www.casaproductosdeapoyo.com\/actualidad\/#breadcrumb","itemListElement":[{"@type":"ListItem","position":1,"name":"Portada","item":"https:\/\/www.casaproductosdeapoyo.com\/"},{"@type":"ListItem","position":2,"name":"Actualidad"}]},{"@type":"WebSite","@id":"https:\/\/www.casaproductosdeapoyo.com\/#website","url":"https:\/\/www.casaproductosdeapoyo.com\/","name":"CASA Productos de apoyo","description":"Especialistas en accesibilidad, \u00f3rtesis y productos de apoyo","publisher":{"@id":"https:\/\/www.casaproductosdeapoyo.com\/#organization"},"potentialAction":[{"@type":"SearchAction","target":{"@type":"EntryPoint","urlTemplate":"https:\/\/www.casaproductosdeapoyo.com\/?s={search_term_string}"},"query-input":{"@type":"PropertyValueSpecification","valueRequired":true,"valueName":"search_term_string"}}],"inLanguage":"ca"},{"@type":"Organization","@id":"https:\/\/www.casaproductosdeapoyo.com\/#organization","name":"CASA Productos de apoyo","url":"https:\/\/www.casaproductosdeapoyo.com\/","logo":{"@type":"ImageObject","inLanguage":"ca","@id":"https:\/\/www.casaproductosdeapoyo.com\/#\/schema\/logo\/image\/","url":"https:\/\/www.casaproductosdeapoyo.com\/wp-content\/uploads\/2025\/11\/Logo-CASA-copia.png","contentUrl":"https:\/\/www.casaproductosdeapoyo.com\/wp-content\/uploads\/2025\/11\/Logo-CASA-copia.png","width":1920,"height":1080,"caption":"CASA Productos de apoyo"},"image":{"@id":"https:\/\/www.casaproductosdeapoyo.com\/#\/schema\/logo\/image\/"}}]}},"uagb_featured_image_src":{"full":false,"thumbnail":false,"medium":false,"medium_large":false,"large":false,"1536x1536":false,"2048x2048":false,"trp-custom-language-flag":false,"reykjavik-intro":false},"uagb_author_info":{"display_name":"admin","author_link":"https:\/\/www.casaproductosdeapoyo.com\/ca\/author\/admin\/"},"uagb_comment_info":0,"uagb_excerpt":"Seguir leyendo &ldquo;Actualidad&rdquo;&hellip;","_links":{"self":[{"href":"https:\/\/www.casaproductosdeapoyo.com\/ca\/wp-json\/wp\/v2\/pages\/105","targetHints":{"allow":["GET"]}}],"collection":[{"href":"https:\/\/www.casaproductosdeapoyo.com\/ca\/wp-json\/wp\/v2\/pages"}],"about":[{"href":"https:\/\/www.casaproductosdeapoyo.com\/ca\/wp-json\/wp\/v2\/types\/page"}],"author":[{"embeddable":true,"href":"https:\/\/www.casaproductosdeapoyo.com\/ca\/wp-json\/wp\/v2\/users\/1"}],"replies":[{"embeddable":true,"href":"https:\/\/www.casaproductosdeapoyo.com\/ca\/wp-json\/wp\/v2\/comments?post=105"}],"version-history":[{"count":34,"href":"https:\/\/www.casaproductosdeapoyo.com\/ca\/wp-json\/wp\/v2\/pages\/105\/revisions"}],"predecessor-version":[{"id":1178,"href":"https:\/\/www.casaproductosdeapoyo.com\/ca\/wp-json\/wp\/v2\/pages\/105\/revisions\/1178"}],"wp:attachment":[{"href":"https:\/\/www.casaproductosdeapoyo.com\/ca\/wp-json\/wp\/v2\/media?parent=105"}],"curies":[{"name":"wp","href":"https:\/\/api.w.org\/{rel}","templated":true}]}}